{"id":2143,"date":"2026-04-20T06:10:45","date_gmt":"2026-04-20T06:10:45","guid":{"rendered":"https:\/\/kavli.fi\/?page_id=2143"},"modified":"2026-04-20T11:26:12","modified_gmt":"2026-04-20T11:26:12","slug":"eriks-aioli-chipotle","status":"publish","type":"page","link":"https:\/\/kavli.fi\/index.php\/eriks-aioli-chipotle\/","title":{"rendered":"Eriks Aioli Chipotle"},"content":{"rendered":"\n<div class=\"wp-block-cover alignfull is-light\" style=\"min-height:595px;aspect-ratio:unset;\"><img loading=\"lazy\" decoding=\"async\" width=\"2085\" height=\"897\" class=\"wp-block-cover__image-background wp-image-2144 size-full\" alt=\"\" src=\"https:\/\/kavli.fi\/wp-content\/uploads\/2026\/04\/Eriks_Chipotle-Cover.jpg\" style=\"object-position:49% 100%\" data-object-fit=\"cover\" data-object-position=\"49% 100%\" srcset=\"https:\/\/kavli.fi\/wp-content\/uploads\/2026\/04\/Eriks_Chipotle-Cover.jpg 2085w, https:\/\/kavli.fi\/wp-content\/uploads\/2026\/04\/Eriks_Chipotle-Cover-300x129.jpg 300w, https:\/\/kavli.fi\/wp-content\/uploads\/2026\/04\/Eriks_Chipotle-Cover-1024x441.jpg 1024w, https:\/\/kavli.fi\/wp-content\/uploads\/2026\/04\/Eriks_Chipotle-Cover-768x330.jpg 768w, https:\/\/kavli.fi\/wp-content\/uploads\/2026\/04\/Eriks_Chipotle-Cover-1536x661.jpg 1536w, https:\/\/kavli.fi\/wp-content\/uploads\/2026\/04\/Eriks_Chipotle-Cover-2048x881.jpg 2048w\" sizes=\"auto, (max-width: 2085px) 100vw, 2085px\" \/><span aria-hidden=\"true\" class=\"wp-block-cover__background has-background-dim-0 has-background-dim\" style=\"background-color:#98897d\"><\/span><div class=\"wp-block-cover__inner-container is-layout-flow wp-block-cover-is-layout-flow\">\n<h1 class=\"wp-block-heading has-text-align-center has-white-color has-text-color\"><\/h1>\n\n\n\n<p class=\"has-text-align-center has-white-color has-text-color\" style=\"font-size:23px\"><\/p>\n\n\n\n<div style=\"height:40px\" aria-hidden=\"true\" class=\"wp-block-spacer\"><\/div>\n\n\n\n<div class=\"wp-block-group\"><div class=\"wp-block-group__inner-container is-layout-flow wp-block-group-is-layout-flow\">\n<div class=\"wp-block-buttons is-content-justification-center is-layout-flex wp-container-core-buttons-is-layout-16018d1d wp-block-buttons-is-layout-flex\"><\/div>\n<\/div><\/div>\n<\/div><\/div>\n\n\n\n<div style=\"height:100px\" aria-hidden=\"true\" class=\"wp-block-spacer\"><\/div>\n\n\n\n<div class=\"wp-block-columns is-layout-flex wp-container-core-columns-is-layout-9d6595d7 wp-block-columns-is-layout-flex\">\n<div class=\"wp-block-column is-layout-flow wp-block-column-is-layout-flow\">\n<figure class=\"wp-block-image size-large is-resized\"><img loading=\"lazy\" decoding=\"async\" width=\"796\" height=\"1024\" src=\"https:\/\/kavli.fi\/wp-content\/uploads\/2026\/04\/AioliChipotle-796x1024.png\" alt=\"\" class=\"wp-image-2121\" style=\"aspect-ratio:0.7773512518364286;width:538px;height:auto\" srcset=\"https:\/\/kavli.fi\/wp-content\/uploads\/2026\/04\/AioliChipotle-796x1024.png 796w, https:\/\/kavli.fi\/wp-content\/uploads\/2026\/04\/AioliChipotle-233x300.png 233w, https:\/\/kavli.fi\/wp-content\/uploads\/2026\/04\/AioliChipotle-768x987.png 768w, https:\/\/kavli.fi\/wp-content\/uploads\/2026\/04\/AioliChipotle-1195x1536.png 1195w, https:\/\/kavli.fi\/wp-content\/uploads\/2026\/04\/AioliChipotle-1593x2048.png 1593w, https:\/\/kavli.fi\/wp-content\/uploads\/2026\/04\/AioliChipotle-scaled.png 1991w\" sizes=\"auto, (max-width: 796px) 100vw, 796px\" \/><\/figure>\n<\/div>\n\n\n\n<div class=\"wp-block-column is-vertically-aligned-center is-layout-flow wp-block-column-is-layout-flow\">\n<h2 class=\"wp-block-heading\"><strong>Savun ja chilin t\u00e4ydellinen liitto \u2013 Aioli Chipotle<\/strong><\/h2>\n\n\n\n<p>T\u00e4ytel\u00e4ist\u00e4 makua, joka tuo ruokiin sopivasti potkua! Aioli Chipotle yhdist\u00e4\u00e4 pehme\u00e4n valkosipulisen aiolin ja savuisen chipotle-chilin ainutlaatuiseksi makuel\u00e4mykseksi. Lopputuloksena on t\u00e4ytel\u00e4inen, hieman tulinen ja herkullisen py\u00f6re\u00e4 kastike, joka sopii monipuolisesti arjen ja juhlan ruokiin.<\/p>\n\n\n\n<p>T\u00e4m\u00e4 aioli nostaa burgerit uudelle tasolle, antaa lis\u00e4makua ranskalaisille ja toimii t\u00e4ydellisesti dippin\u00e4 grillatuille kasviksille, kanalle tai lihalle. Se tuo ruokaan juuri sopivaa savuisuutta ja l\u00e4mp\u00f6\u00e4 ilman, ett\u00e4 maku k\u00e4y liian voimakkaaksi.<\/p>\n\n\n\n<p>Kun kaipaat tuttuun ruokaan uutta twisti\u00e4, Aioli Chipotle on varma valinta. T\u00e4ytel\u00e4inen rakenne ja hienostunut maku tekev\u00e4t jokaisesta suupalasta nautinnon.<\/p>\n\n\n\n<div class=\"wp-block-buttons is-layout-flex wp-block-buttons-is-layout-flex\">\n<div class=\"wp-block-button is-style-primary\"><a class=\"wp-block-button__link wp-element-button\" href=\"http:\/\/www.eriks.fi\">Eriks<\/a><\/div>\n<\/div>\n<\/div>\n<\/div>\n\n\n\n<div style=\"height:54px\" aria-hidden=\"true\" class=\"wp-block-spacer\"><\/div>\n\n\n\n<p><strong>Voit k\u00e4ytt\u00e4\u00e4 Aioli Chipotlea burgerissa helposti tuomaan mehevyytt\u00e4 ja makua: <\/strong>levit\u00e4 sit\u00e4 reilusti s\u00e4mpyl\u00e4n molemmille puolille ennen t\u00e4ytteiden lis\u00e4\u00e4mist\u00e4, jolloin se imeytyy kevyesti leip\u00e4\u00e4n ja sitoo kokonaisuuden yhteen. Se sopii erityisen hyvin yhteen grillatun pihvin, rapean salaatin, tomaatin ja esimerkiksi karamellisoidun sipulin kanssa. Voit my\u00f6s lis\u00e4t\u00e4 pienen lis\u00e4kerroksen aiolia pihvin p\u00e4\u00e4lle juuri ennen kannen sulkemista, n\u00e4in saat jokaiseen puraisuun t\u00e4ytel\u00e4ist\u00e4, sopivan savuisen ja hieman tulisen maun, joka tekee burgerista astetta herkullisemman.<\/p>\n\n\n\n<div style=\"height:51px\" aria-hidden=\"true\" class=\"wp-block-spacer\"><\/div>\n\n\n\n<div class=\"wp-block-cover alignfull is-light\" style=\"min-height:773px;aspect-ratio:unset;\"><img loading=\"lazy\" decoding=\"async\" width=\"1024\" height=\"1024\" class=\"wp-block-cover__image-background wp-image-2165 size-full\" alt=\"\" src=\"https:\/\/kavli.fi\/wp-content\/uploads\/2026\/04\/Firefly_Gemini-Flash_little-more-of-the-table-counter-of-loight-food-and-the-product-picture-in-the-table-62055.png\" style=\"object-position:47% 73%\" data-object-fit=\"cover\" data-object-position=\"47% 73%\" srcset=\"https:\/\/kavli.fi\/wp-content\/uploads\/2026\/04\/Firefly_Gemini-Flash_little-more-of-the-table-counter-of-loight-food-and-the-product-picture-in-the-table-62055.png 1024w, https:\/\/kavli.fi\/wp-content\/uploads\/2026\/04\/Firefly_Gemini-Flash_little-more-of-the-table-counter-of-loight-food-and-the-product-picture-in-the-table-62055-300x300.png 300w, https:\/\/kavli.fi\/wp-content\/uploads\/2026\/04\/Firefly_Gemini-Flash_little-more-of-the-table-counter-of-loight-food-and-the-product-picture-in-the-table-62055-150x150.png 150w, https:\/\/kavli.fi\/wp-content\/uploads\/2026\/04\/Firefly_Gemini-Flash_little-more-of-the-table-counter-of-loight-food-and-the-product-picture-in-the-table-62055-768x768.png 768w\" sizes=\"auto, (max-width: 1024px) 100vw, 1024px\" \/><span aria-hidden=\"true\" class=\"wp-block-cover__background has-background-dim-0 has-background-dim\" style=\"background-color:#a28e7e\"><\/span><div class=\"wp-block-cover__inner-container is-layout-flow wp-block-cover-is-layout-flow\">\n<div class=\"wp-block-columns alignwide is-layout-flex wp-container-core-columns-is-layout-9d6595d7 wp-block-columns-is-layout-flex\">\n<div class=\"wp-block-column is-vertically-aligned-center is-layout-flow wp-block-column-is-layout-flow\" style=\"flex-basis:66.66%\">\n\n\n<div class=\"wp-block-buttons is-horizontal is-content-justification-left is-layout-flex wp-container-core-buttons-is-layout-7e5fce0a wp-block-buttons-is-layout-flex\"><\/div>\n<\/div>\n\n\n\n<div class=\"wp-block-column is-layout-flow wp-block-column-is-layout-flow\" style=\"flex-basis:33.33%\"><\/div>\n<\/div>\n<\/div><\/div>\n\n\n\n<div style=\"height:145px\" aria-hidden=\"true\" class=\"wp-block-spacer\"><\/div>\n","protected":false},"excerpt":{"rendered":"<p>Savun ja chilin t\u00e4ydellinen liitto \u2013 Aioli Chipotle T\u00e4ytel\u00e4ist\u00e4 makua, joka tuo ruokiin sopivasti potkua! Aioli Chipotle yhdist\u00e4\u00e4 pehme\u00e4n valkosipulisen aiolin ja savuisen chipotle-chilin ainutlaatuiseksi makuel\u00e4mykseksi. Lopputuloksena on t\u00e4ytel\u00e4inen, hieman tulinen ja herkullisen py\u00f6re\u00e4 kastike, joka sopii monipuolisesti arjen ja juhlan ruokiin. T\u00e4m\u00e4 aioli nostaa burgerit uudelle tasolle, antaa lis\u00e4makua ranskalaisille ja toimii t\u00e4ydellisesti dippin\u00e4&hellip;&nbsp;<a href=\"https:\/\/kavli.fi\/index.php\/eriks-aioli-chipotle\/\" rel=\"bookmark\">Lue lis\u00e4\u00e4 &raquo;<span class=\"screen-reader-text\">Eriks Aioli Chipotle<\/span><\/a><\/p>\n","protected":false},"author":1,"featured_media":0,"parent":0,"menu_order":0,"comment_status":"closed","ping_status":"closed","template":"","meta":{"neve_meta_sidebar":"","neve_meta_container":"","neve_meta_enable_content_width":"","neve_meta_content_width":0,"neve_meta_title_alignment":"","neve_meta_author_avatar":"","neve_post_elements_order":"","neve_meta_disable_header":"","neve_meta_disable_footer":"","neve_meta_disable_title":"","iawp_total_views":15,"footnotes":""},"class_list":["post-2143","page","type-page","status-publish","hentry"],"yoast_head":"<!-- This site is optimized with the Yoast SEO plugin v27.4 - https:\/\/yoast.com\/product\/yoast-seo-wordpress\/ -->\n<title>Eriks Aioli Chipotle - Kavli<\/title>\n<meta name=\"description\" content=\"T\u00e4ytel\u00e4ist\u00e4 makua, joka tuo ruokiin sopivasti potkua! Aioli Chipotle yhdist\u00e4\u00e4 pehme\u00e4n valkosipulisen aiolin ja savuisen chipotle-chilin.\" \/>\n<meta name=\"robots\" content=\"index, follow, max-snippet:-1, max-image-preview:large, max-video-preview:-1\" \/>\n<link rel=\"canonical\" href=\"https:\/\/kavli.fi\/index.php\/eriks-aioli-chipotle\/\" \/>\n<meta property=\"og:locale\" content=\"fi_FI\" \/>\n<meta property=\"og:type\" content=\"article\" \/>\n<meta property=\"og:title\" content=\"Eriks Aioli Chipotle - Kavli\" \/>\n<meta property=\"og:description\" content=\"T\u00e4ytel\u00e4ist\u00e4 makua, joka tuo ruokiin sopivasti potkua! Aioli Chipotle yhdist\u00e4\u00e4 pehme\u00e4n valkosipulisen aiolin ja savuisen chipotle-chilin.\" \/>\n<meta property=\"og:url\" content=\"https:\/\/kavli.fi\/index.php\/eriks-aioli-chipotle\/\" \/>\n<meta property=\"og:site_name\" content=\"Kavli\" \/>\n<meta property=\"article:publisher\" content=\"https:\/\/www.facebook.com\/kavlisuomi\" \/>\n<meta property=\"article:modified_time\" content=\"2026-04-20T11:26:12+00:00\" \/>\n<meta property=\"og:image\" content=\"https:\/\/kavli.fi\/wp-content\/uploads\/2026\/04\/Eriks_Chipotle-Cover.jpg\" \/>\n\t<meta property=\"og:image:width\" content=\"2085\" \/>\n\t<meta property=\"og:image:height\" content=\"897\" \/>\n\t<meta property=\"og:image:type\" content=\"image\/jpeg\" \/>\n<meta name=\"twitter:card\" content=\"summary_large_image\" \/>\n<meta name=\"twitter:label1\" content=\"Arvioitu lukuaika\" \/>\n\t<meta name=\"twitter:data1\" content=\"2 minuuttia\" \/>\n<script type=\"application\/ld+json\" class=\"yoast-schema-graph\">{\"@context\":\"https:\\\/\\\/schema.org\",\"@graph\":[{\"@type\":\"WebPage\",\"@id\":\"https:\\\/\\\/kavli.fi\\\/index.php\\\/eriks-aioli-chipotle\\\/\",\"url\":\"https:\\\/\\\/kavli.fi\\\/index.php\\\/eriks-aioli-chipotle\\\/\",\"name\":\"Eriks Aioli Chipotle - Kavli\",\"isPartOf\":{\"@id\":\"https:\\\/\\\/kavli.fi\\\/#website\"},\"primaryImageOfPage\":{\"@id\":\"https:\\\/\\\/kavli.fi\\\/index.php\\\/eriks-aioli-chipotle\\\/#primaryimage\"},\"image\":{\"@id\":\"https:\\\/\\\/kavli.fi\\\/index.php\\\/eriks-aioli-chipotle\\\/#primaryimage\"},\"thumbnailUrl\":\"https:\\\/\\\/kavli.fi\\\/wp-content\\\/uploads\\\/2026\\\/04\\\/Eriks_Chipotle-Cover.jpg\",\"datePublished\":\"2026-04-20T06:10:45+00:00\",\"dateModified\":\"2026-04-20T11:26:12+00:00\",\"description\":\"T\u00e4ytel\u00e4ist\u00e4 makua, joka tuo ruokiin sopivasti potkua! Aioli Chipotle yhdist\u00e4\u00e4 pehme\u00e4n valkosipulisen aiolin ja savuisen chipotle-chilin.\",\"breadcrumb\":{\"@id\":\"https:\\\/\\\/kavli.fi\\\/index.php\\\/eriks-aioli-chipotle\\\/#breadcrumb\"},\"inLanguage\":\"fi\",\"potentialAction\":[{\"@type\":\"ReadAction\",\"target\":[\"https:\\\/\\\/kavli.fi\\\/index.php\\\/eriks-aioli-chipotle\\\/\"]}]},{\"@type\":\"ImageObject\",\"inLanguage\":\"fi\",\"@id\":\"https:\\\/\\\/kavli.fi\\\/index.php\\\/eriks-aioli-chipotle\\\/#primaryimage\",\"url\":\"https:\\\/\\\/kavli.fi\\\/wp-content\\\/uploads\\\/2026\\\/04\\\/Eriks_Chipotle-Cover.jpg\",\"contentUrl\":\"https:\\\/\\\/kavli.fi\\\/wp-content\\\/uploads\\\/2026\\\/04\\\/Eriks_Chipotle-Cover.jpg\",\"width\":2085,\"height\":897},{\"@type\":\"BreadcrumbList\",\"@id\":\"https:\\\/\\\/kavli.fi\\\/index.php\\\/eriks-aioli-chipotle\\\/#breadcrumb\",\"itemListElement\":[{\"@type\":\"ListItem\",\"position\":1,\"name\":\"Etusivu\",\"item\":\"https:\\\/\\\/kavli.fi\\\/\"},{\"@type\":\"ListItem\",\"position\":2,\"name\":\"Eriks Aioli Chipotle\"}]},{\"@type\":\"WebSite\",\"@id\":\"https:\\\/\\\/kavli.fi\\\/#website\",\"url\":\"https:\\\/\\\/kavli.fi\\\/\",\"name\":\"Kavli\",\"description\":\"Elintarvikebr&auml;ndi, joka tunnetaan erityisesti herkullisista sulatejuustoista, hampurilaiskastikkeesta ja levitteist&auml;.\",\"publisher\":{\"@id\":\"https:\\\/\\\/kavli.fi\\\/#organization\"},\"potentialAction\":[{\"@type\":\"SearchAction\",\"target\":{\"@type\":\"EntryPoint\",\"urlTemplate\":\"https:\\\/\\\/kavli.fi\\\/?s={search_term_string}\"},\"query-input\":{\"@type\":\"PropertyValueSpecification\",\"valueRequired\":true,\"valueName\":\"search_term_string\"}}],\"inLanguage\":\"fi\"},{\"@type\":\"Organization\",\"@id\":\"https:\\\/\\\/kavli.fi\\\/#organization\",\"name\":\"Kavli\",\"url\":\"https:\\\/\\\/kavli.fi\\\/\",\"logo\":{\"@type\":\"ImageObject\",\"inLanguage\":\"fi\",\"@id\":\"https:\\\/\\\/kavli.fi\\\/#\\\/schema\\\/logo\\\/image\\\/\",\"url\":\"https:\\\/\\\/kavli.fi\\\/wp-content\\\/uploads\\\/2025\\\/02\\\/4104641b-4c9c-4202-80ef-562cf595d251-wm.png\",\"contentUrl\":\"https:\\\/\\\/kavli.fi\\\/wp-content\\\/uploads\\\/2025\\\/02\\\/4104641b-4c9c-4202-80ef-562cf595d251-wm.png\",\"width\":380,\"height\":277,\"caption\":\"Kavli\"},\"image\":{\"@id\":\"https:\\\/\\\/kavli.fi\\\/#\\\/schema\\\/logo\\\/image\\\/\"},\"sameAs\":[\"https:\\\/\\\/www.facebook.com\\\/kavlisuomi\"]}]}<\/script>\n<!-- \/ Yoast SEO plugin. -->","yoast_head_json":{"title":"Eriks Aioli Chipotle - Kavli","description":"T\u00e4ytel\u00e4ist\u00e4 makua, joka tuo ruokiin sopivasti potkua! Aioli Chipotle yhdist\u00e4\u00e4 pehme\u00e4n valkosipulisen aiolin ja savuisen chipotle-chilin.","robots":{"index":"index","follow":"follow","max-snippet":"max-snippet:-1","max-image-preview":"max-image-preview:large","max-video-preview":"max-video-preview:-1"},"canonical":"https:\/\/kavli.fi\/index.php\/eriks-aioli-chipotle\/","og_locale":"fi_FI","og_type":"article","og_title":"Eriks Aioli Chipotle - Kavli","og_description":"T\u00e4ytel\u00e4ist\u00e4 makua, joka tuo ruokiin sopivasti potkua! Aioli Chipotle yhdist\u00e4\u00e4 pehme\u00e4n valkosipulisen aiolin ja savuisen chipotle-chilin.","og_url":"https:\/\/kavli.fi\/index.php\/eriks-aioli-chipotle\/","og_site_name":"Kavli","article_publisher":"https:\/\/www.facebook.com\/kavlisuomi","article_modified_time":"2026-04-20T11:26:12+00:00","og_image":[{"width":2085,"height":897,"url":"https:\/\/kavli.fi\/wp-content\/uploads\/2026\/04\/Eriks_Chipotle-Cover.jpg","type":"image\/jpeg"}],"twitter_card":"summary_large_image","twitter_misc":{"Arvioitu lukuaika":"2 minuuttia"},"schema":{"@context":"https:\/\/schema.org","@graph":[{"@type":"WebPage","@id":"https:\/\/kavli.fi\/index.php\/eriks-aioli-chipotle\/","url":"https:\/\/kavli.fi\/index.php\/eriks-aioli-chipotle\/","name":"Eriks Aioli Chipotle - Kavli","isPartOf":{"@id":"https:\/\/kavli.fi\/#website"},"primaryImageOfPage":{"@id":"https:\/\/kavli.fi\/index.php\/eriks-aioli-chipotle\/#primaryimage"},"image":{"@id":"https:\/\/kavli.fi\/index.php\/eriks-aioli-chipotle\/#primaryimage"},"thumbnailUrl":"https:\/\/kavli.fi\/wp-content\/uploads\/2026\/04\/Eriks_Chipotle-Cover.jpg","datePublished":"2026-04-20T06:10:45+00:00","dateModified":"2026-04-20T11:26:12+00:00","description":"T\u00e4ytel\u00e4ist\u00e4 makua, joka tuo ruokiin sopivasti potkua! Aioli Chipotle yhdist\u00e4\u00e4 pehme\u00e4n valkosipulisen aiolin ja savuisen chipotle-chilin.","breadcrumb":{"@id":"https:\/\/kavli.fi\/index.php\/eriks-aioli-chipotle\/#breadcrumb"},"inLanguage":"fi","potentialAction":[{"@type":"ReadAction","target":["https:\/\/kavli.fi\/index.php\/eriks-aioli-chipotle\/"]}]},{"@type":"ImageObject","inLanguage":"fi","@id":"https:\/\/kavli.fi\/index.php\/eriks-aioli-chipotle\/#primaryimage","url":"https:\/\/kavli.fi\/wp-content\/uploads\/2026\/04\/Eriks_Chipotle-Cover.jpg","contentUrl":"https:\/\/kavli.fi\/wp-content\/uploads\/2026\/04\/Eriks_Chipotle-Cover.jpg","width":2085,"height":897},{"@type":"BreadcrumbList","@id":"https:\/\/kavli.fi\/index.php\/eriks-aioli-chipotle\/#breadcrumb","itemListElement":[{"@type":"ListItem","position":1,"name":"Etusivu","item":"https:\/\/kavli.fi\/"},{"@type":"ListItem","position":2,"name":"Eriks Aioli Chipotle"}]},{"@type":"WebSite","@id":"https:\/\/kavli.fi\/#website","url":"https:\/\/kavli.fi\/","name":"Kavli","description":"Elintarvikebr&auml;ndi, joka tunnetaan erityisesti herkullisista sulatejuustoista, hampurilaiskastikkeesta ja levitteist&auml;.","publisher":{"@id":"https:\/\/kavli.fi\/#organization"},"potentialAction":[{"@type":"SearchAction","target":{"@type":"EntryPoint","urlTemplate":"https:\/\/kavli.fi\/?s={search_term_string}"},"query-input":{"@type":"PropertyValueSpecification","valueRequired":true,"valueName":"search_term_string"}}],"inLanguage":"fi"},{"@type":"Organization","@id":"https:\/\/kavli.fi\/#organization","name":"Kavli","url":"https:\/\/kavli.fi\/","logo":{"@type":"ImageObject","inLanguage":"fi","@id":"https:\/\/kavli.fi\/#\/schema\/logo\/image\/","url":"https:\/\/kavli.fi\/wp-content\/uploads\/2025\/02\/4104641b-4c9c-4202-80ef-562cf595d251-wm.png","contentUrl":"https:\/\/kavli.fi\/wp-content\/uploads\/2025\/02\/4104641b-4c9c-4202-80ef-562cf595d251-wm.png","width":380,"height":277,"caption":"Kavli"},"image":{"@id":"https:\/\/kavli.fi\/#\/schema\/logo\/image\/"},"sameAs":["https:\/\/www.facebook.com\/kavlisuomi"]}]}},"_links":{"self":[{"href":"https:\/\/kavli.fi\/index.php\/wp-json\/wp\/v2\/pages\/2143","targetHints":{"allow":["GET"]}}],"collection":[{"href":"https:\/\/kavli.fi\/index.php\/wp-json\/wp\/v2\/pages"}],"about":[{"href":"https:\/\/kavli.fi\/index.php\/wp-json\/wp\/v2\/types\/page"}],"author":[{"embeddable":true,"href":"https:\/\/kavli.fi\/index.php\/wp-json\/wp\/v2\/users\/1"}],"replies":[{"embeddable":true,"href":"https:\/\/kavli.fi\/index.php\/wp-json\/wp\/v2\/comments?post=2143"}],"version-history":[{"count":5,"href":"https:\/\/kavli.fi\/index.php\/wp-json\/wp\/v2\/pages\/2143\/revisions"}],"predecessor-version":[{"id":2207,"href":"https:\/\/kavli.fi\/index.php\/wp-json\/wp\/v2\/pages\/2143\/revisions\/2207"}],"wp:attachment":[{"href":"https:\/\/kavli.fi\/index.php\/wp-json\/wp\/v2\/media?parent=2143"}],"curies":[{"name":"wp","href":"https:\/\/api.w.org\/{rel}","templated":true}]}}