{"id":2124,"date":"2026-04-20T06:01:58","date_gmt":"2026-04-20T06:01:58","guid":{"rendered":"https:\/\/kavli.fi\/?page_id=2124"},"modified":"2026-04-20T06:18:42","modified_gmt":"2026-04-20T06:18:42","slug":"johnnys-grillioljyt","status":"publish","type":"page","link":"https:\/\/kavli.fi\/index.php\/johnnys-grillioljyt\/","title":{"rendered":"Johnny\u00b4s Grilli\u00f6ljyt"},"content":{"rendered":"\n<div class=\"wp-block-cover alignfull\" style=\"min-height:700px;aspect-ratio:unset;\"><img loading=\"lazy\" decoding=\"async\" width=\"2560\" height=\"803\" class=\"wp-block-cover__image-background wp-image-2125 size-full\" alt=\"\" src=\"https:\/\/kavli.fi\/wp-content\/uploads\/2026\/04\/Grillioljy-Cover-2-scaled.jpg\" data-object-fit=\"cover\" srcset=\"https:\/\/kavli.fi\/wp-content\/uploads\/2026\/04\/Grillioljy-Cover-2-scaled.jpg 2560w, https:\/\/kavli.fi\/wp-content\/uploads\/2026\/04\/Grillioljy-Cover-2-300x94.jpg 300w, https:\/\/kavli.fi\/wp-content\/uploads\/2026\/04\/Grillioljy-Cover-2-1024x321.jpg 1024w, https:\/\/kavli.fi\/wp-content\/uploads\/2026\/04\/Grillioljy-Cover-2-768x241.jpg 768w, https:\/\/kavli.fi\/wp-content\/uploads\/2026\/04\/Grillioljy-Cover-2-1536x482.jpg 1536w, https:\/\/kavli.fi\/wp-content\/uploads\/2026\/04\/Grillioljy-Cover-2-2048x642.jpg 2048w\" sizes=\"auto, (max-width: 2560px) 100vw, 2560px\" \/><span aria-hidden=\"true\" class=\"wp-block-cover__background has-background-dim-0 has-background-dim\" style=\"background-color:#865d4e\"><\/span><div class=\"wp-block-cover__inner-container is-layout-flow wp-block-cover-is-layout-flow\">\n<h1 class=\"wp-block-heading has-text-align-center has-white-color has-text-color\"><\/h1>\n\n\n\n<div style=\"height:40px\" aria-hidden=\"true\" class=\"wp-block-spacer\"><\/div>\n\n\n\n<div class=\"wp-block-group\"><div class=\"wp-block-group__inner-container is-layout-flow wp-block-group-is-layout-flow\">\n<div class=\"wp-block-buttons is-content-justification-center is-layout-flex wp-container-core-buttons-is-layout-16018d1d wp-block-buttons-is-layout-flex\"><\/div>\n<\/div><\/div>\n<\/div><\/div>\n\n\n\n<div style=\"height:100px\" aria-hidden=\"true\" class=\"wp-block-spacer\"><\/div>\n\n\n\n<div class=\"wp-block-columns is-layout-flex wp-container-core-columns-is-layout-9d6595d7 wp-block-columns-is-layout-flex\">\n<div class=\"wp-block-column is-layout-flow wp-block-column-is-layout-flow\">\n<figure class=\"wp-block-image size-large is-resized\"><img loading=\"lazy\" decoding=\"async\" width=\"850\" height=\"1024\" src=\"https:\/\/kavli.fi\/wp-content\/uploads\/2026\/04\/Johnnys-Grillioljyt-1-850x1024.jpg\" alt=\"\" class=\"wp-image-2126\" style=\"aspect-ratio:0.8300762872563565;width:565px;height:auto\" srcset=\"https:\/\/kavli.fi\/wp-content\/uploads\/2026\/04\/Johnnys-Grillioljyt-1-850x1024.jpg 850w, https:\/\/kavli.fi\/wp-content\/uploads\/2026\/04\/Johnnys-Grillioljyt-1-249x300.jpg 249w, https:\/\/kavli.fi\/wp-content\/uploads\/2026\/04\/Johnnys-Grillioljyt-1-768x925.jpg 768w, https:\/\/kavli.fi\/wp-content\/uploads\/2026\/04\/Johnnys-Grillioljyt-1-1275x1536.jpg 1275w, https:\/\/kavli.fi\/wp-content\/uploads\/2026\/04\/Johnnys-Grillioljyt-1-1701x2048.jpg 1701w\" sizes=\"auto, (max-width: 850px) 100vw, 850px\" \/><\/figure>\n<\/div>\n\n\n\n<div class=\"wp-block-column is-vertically-aligned-center is-layout-flow wp-block-column-is-layout-flow\">\n<h2 class=\"wp-block-heading\">Kaksi herkullista uutuutta grillikauteen!<\/h2>\n\n\n\n<p><strong>Grillausmarinadi Allround<\/strong> on monik\u00e4ytt\u00f6inen grilli\u00f6ljy, joka sopii nimens\u00e4 mukaisesti l\u00e4hes kaikille raaka-aineille. Sen tasapainoinen maku korostaa lihan, kalan ja kasvisten omia aromeja ilman, ett\u00e4 se peitt\u00e4\u00e4 niit\u00e4. T\u00e4m\u00e4 tekee siit\u00e4 erinomaisen valinnan niin arkeen kuin kes\u00e4n grillijuhliin.<\/p>\n\n\n\n<p><strong>Grillausmarinadi Korean<\/strong> tuo ruokaan enemm\u00e4n makua ja vivahteita. Se sopii erityisen hyvin wokkeihin, liha- ja kasvisruokiin sek\u00e4 marinointiin. Sen mausteinen profiili antaa ruoalle hieman aasialaishenkist\u00e4 twisti\u00e4 ja tekee siit\u00e4 loistavan vaihtoehdon, kun haluat kokeilla jotain uutta.<\/p>\n\n\n\n<div class=\"wp-block-buttons is-layout-flex wp-block-buttons-is-layout-flex\">\n<div class=\"wp-block-button is-style-primary\"><a class=\"wp-block-button__link wp-element-button\" href=\"https:\/\/kavli.fi\/index.php\/johnnys-bbq\/\">Johnny\u00b4s BBQ<\/a><\/div>\n<\/div>\n<\/div>\n<\/div>\n\n\n\n<div style=\"height:100px\" aria-hidden=\"true\" class=\"wp-block-spacer\"><\/div>\n\n\n\n<h3 class=\"wp-block-heading\"><p class=\"isSelectedEnd\"><span>Johnny\u2019s BBQ Buddies -sarjaan on saapunut kaksi herkullista uutuutta, jotka tekev\u00e4t grillaamisesta entist\u00e4 helpompaa!<\/span><\/p><\/h3>\n\n\n\n<p><\/p>\n\n\n<p class=\"isSelectedEnd\"><strong>Grillausmarinadi Korean<\/strong> tuo ruokaan enemm\u00e4n makua ja vivahteita. Se sopii erityisen hyvin wokkeihin, liha- ja kasvisruokiin sek\u00e4 marinointiin. Sen mausteinen profiili antaa ruoalle hieman aasialaishenkist\u00e4 twisti\u00e4 ja tekee siit\u00e4 loistavan vaihtoehdon, kun haluat kokeilla jotain uutta.<\/p>\n\n<h3 class=\"isSelectedEnd\"><strong>N\u00e4in k\u00e4yt\u00e4t grilli\u00f6ljyj\u00e4:<\/strong><\/h3>\n\n<p class=\"isSelectedEnd\"><strong>Marinointiin: <\/strong>Hiero \u00f6ljy\u00e4 suoraan lihaan, kalaan tai kasviksiin ja anna maustua j\u00e4\u00e4kaapissa 30 minuutista useaan tuntiin.<\/p>\n\n<p class=\"isSelectedEnd\"><strong>Grillaukseen:<\/strong> Sivele \u00f6ljy\u00e4 raaka-aineiden pintaan ennen grillausta tai sen aikana, jotta saat mehukkaan ja maukkaan lopputuloksen.<\/p>\n\n<p class=\"isSelectedEnd\"><strong>Paistamiseen ja wokkaukseen: <\/strong>K\u00e4yt\u00e4 \u00f6ljy\u00e4 pannulla tai wokissa tuomaan makua nopeasti valmistuviin ruokiin.<\/p>\n\n<p class=\"isSelectedEnd\"><strong>Viimeistelyyn: <\/strong>Lorauta pieni m\u00e4\u00e4r\u00e4 valmiin annoksen p\u00e4\u00e4lle antamaan lis\u00e4\u00e4 aromia ja kiiltoa.<\/p>\n\n<p class=\"isSelectedEnd\">Olitpa sitten klassisten makujen yst\u00e4v\u00e4 tai rohkeampien kokeilujen tekij\u00e4, Johnny\u2019s BBQ Buddies -grillausmarinadit tekev\u00e4t ruoanlaitosta helppoa, nopeaa ja ennen kaikkea herkullista.<\/p>\n\n\n<div style=\"height:53px\" aria-hidden=\"true\" class=\"wp-block-spacer\"><\/div>\n\n\n\n<figure class=\"wp-block-gallery has-nested-images columns-default is-cropped wp-block-gallery-1 is-layout-flex wp-block-gallery-is-layout-flex\">\n<figure class=\"wp-block-image size-large\"><img loading=\"lazy\" decoding=\"async\" width=\"1024\" height=\"955\" data-id=\"2133\" src=\"https:\/\/kavli.fi\/wp-content\/uploads\/2026\/04\/Grillioljy-karuselli-2-1-1024x955.jpg\" alt=\"\" class=\"wp-image-2133\" srcset=\"https:\/\/kavli.fi\/wp-content\/uploads\/2026\/04\/Grillioljy-karuselli-2-1-1024x955.jpg 1024w, https:\/\/kavli.fi\/wp-content\/uploads\/2026\/04\/Grillioljy-karuselli-2-1-300x280.jpg 300w, https:\/\/kavli.fi\/wp-content\/uploads\/2026\/04\/Grillioljy-karuselli-2-1-768x716.jpg 768w, https:\/\/kavli.fi\/wp-content\/uploads\/2026\/04\/Grillioljy-karuselli-2-1-1536x1432.jpg 1536w, https:\/\/kavli.fi\/wp-content\/uploads\/2026\/04\/Grillioljy-karuselli-2-1-2048x1909.jpg 2048w\" sizes=\"auto, (max-width: 1024px) 100vw, 1024px\" \/><\/figure>\n\n\n\n<figure class=\"wp-block-image size-large\"><img loading=\"lazy\" decoding=\"async\" width=\"1024\" height=\"905\" data-id=\"2139\" src=\"https:\/\/kavli.fi\/wp-content\/uploads\/2026\/04\/assortment-of-grilled-vegetables-on-dark-wooden-bo-2026-03-19-02-14-25-utc-1-1024x905.jpg\" alt=\"\" class=\"wp-image-2139\" srcset=\"https:\/\/kavli.fi\/wp-content\/uploads\/2026\/04\/assortment-of-grilled-vegetables-on-dark-wooden-bo-2026-03-19-02-14-25-utc-1-1024x905.jpg 1024w, https:\/\/kavli.fi\/wp-content\/uploads\/2026\/04\/assortment-of-grilled-vegetables-on-dark-wooden-bo-2026-03-19-02-14-25-utc-1-300x265.jpg 300w, https:\/\/kavli.fi\/wp-content\/uploads\/2026\/04\/assortment-of-grilled-vegetables-on-dark-wooden-bo-2026-03-19-02-14-25-utc-1-768x679.jpg 768w, https:\/\/kavli.fi\/wp-content\/uploads\/2026\/04\/assortment-of-grilled-vegetables-on-dark-wooden-bo-2026-03-19-02-14-25-utc-1.jpg 1181w\" sizes=\"auto, (max-width: 1024px) 100vw, 1024px\" \/><\/figure>\n\n\n\n<figure class=\"wp-block-image size-large\"><img loading=\"lazy\" decoding=\"async\" width=\"922\" height=\"920\" data-id=\"2127\" src=\"https:\/\/kavli.fi\/wp-content\/uploads\/2026\/04\/Grillioly-Korea-1.jpg\" alt=\"\" class=\"wp-image-2127\" srcset=\"https:\/\/kavli.fi\/wp-content\/uploads\/2026\/04\/Grillioly-Korea-1.jpg 922w, https:\/\/kavli.fi\/wp-content\/uploads\/2026\/04\/Grillioly-Korea-1-300x300.jpg 300w, https:\/\/kavli.fi\/wp-content\/uploads\/2026\/04\/Grillioly-Korea-1-150x150.jpg 150w, https:\/\/kavli.fi\/wp-content\/uploads\/2026\/04\/Grillioly-Korea-1-768x766.jpg 768w\" sizes=\"auto, (max-width: 922px) 100vw, 922px\" \/><\/figure>\n\n\n\n<figure class=\"wp-block-image size-large\"><img loading=\"lazy\" decoding=\"async\" width=\"922\" height=\"920\" data-id=\"2128\" src=\"https:\/\/kavli.fi\/wp-content\/uploads\/2026\/04\/GrilliolyAllround-1.jpg\" alt=\"\" class=\"wp-image-2128\" srcset=\"https:\/\/kavli.fi\/wp-content\/uploads\/2026\/04\/GrilliolyAllround-1.jpg 922w, https:\/\/kavli.fi\/wp-content\/uploads\/2026\/04\/GrilliolyAllround-1-300x300.jpg 300w, https:\/\/kavli.fi\/wp-content\/uploads\/2026\/04\/GrilliolyAllround-1-150x150.jpg 150w, https:\/\/kavli.fi\/wp-content\/uploads\/2026\/04\/GrilliolyAllround-1-768x766.jpg 768w\" sizes=\"auto, (max-width: 922px) 100vw, 922px\" \/><\/figure>\n\n\n\n<figure class=\"wp-block-image size-large\"><img loading=\"lazy\" decoding=\"async\" width=\"1024\" height=\"682\" data-id=\"2140\" src=\"https:\/\/kavli.fi\/wp-content\/uploads\/2026\/04\/food-in-containers-on-table-in-forest-2026-01-05-05-38-46-utc-1-1024x682.jpg\" alt=\"\" class=\"wp-image-2140\" srcset=\"https:\/\/kavli.fi\/wp-content\/uploads\/2026\/04\/food-in-containers-on-table-in-forest-2026-01-05-05-38-46-utc-1-1024x682.jpg 1024w, https:\/\/kavli.fi\/wp-content\/uploads\/2026\/04\/food-in-containers-on-table-in-forest-2026-01-05-05-38-46-utc-1-300x200.jpg 300w, https:\/\/kavli.fi\/wp-content\/uploads\/2026\/04\/food-in-containers-on-table-in-forest-2026-01-05-05-38-46-utc-1-768x512.jpg 768w, https:\/\/kavli.fi\/wp-content\/uploads\/2026\/04\/food-in-containers-on-table-in-forest-2026-01-05-05-38-46-utc-1-1536x1024.jpg 1536w, https:\/\/kavli.fi\/wp-content\/uploads\/2026\/04\/food-in-containers-on-table-in-forest-2026-01-05-05-38-46-utc-1-930x620.jpg 930w, https:\/\/kavli.fi\/wp-content\/uploads\/2026\/04\/food-in-containers-on-table-in-forest-2026-01-05-05-38-46-utc-1.jpg 1772w\" sizes=\"auto, (max-width: 1024px) 100vw, 1024px\" \/><\/figure>\n\n\n\n<figure class=\"wp-block-image size-large\"><img loading=\"lazy\" decoding=\"async\" width=\"1024\" height=\"682\" data-id=\"2141\" src=\"https:\/\/kavli.fi\/wp-content\/uploads\/2026\/04\/grilled-vegetables-2026-01-07-02-12-13-utc-1024x682.jpg\" alt=\"\" class=\"wp-image-2141\" srcset=\"https:\/\/kavli.fi\/wp-content\/uploads\/2026\/04\/grilled-vegetables-2026-01-07-02-12-13-utc-1024x682.jpg 1024w, https:\/\/kavli.fi\/wp-content\/uploads\/2026\/04\/grilled-vegetables-2026-01-07-02-12-13-utc-300x200.jpg 300w, https:\/\/kavli.fi\/wp-content\/uploads\/2026\/04\/grilled-vegetables-2026-01-07-02-12-13-utc-768x512.jpg 768w, https:\/\/kavli.fi\/wp-content\/uploads\/2026\/04\/grilled-vegetables-2026-01-07-02-12-13-utc-1536x1024.jpg 1536w, https:\/\/kavli.fi\/wp-content\/uploads\/2026\/04\/grilled-vegetables-2026-01-07-02-12-13-utc-930x620.jpg 930w, https:\/\/kavli.fi\/wp-content\/uploads\/2026\/04\/grilled-vegetables-2026-01-07-02-12-13-utc.jpg 1772w\" sizes=\"auto, (max-width: 1024px) 100vw, 1024px\" \/><\/figure>\n<\/figure>\n\n\n\n<div style=\"height:153px\" aria-hidden=\"true\" class=\"wp-block-spacer\"><\/div>\n","protected":false},"excerpt":{"rendered":"<p>Kaksi herkullista uutuutta grillikauteen! Grillausmarinadi Allround on monik\u00e4ytt\u00f6inen grilli\u00f6ljy, joka sopii nimens\u00e4 mukaisesti l\u00e4hes kaikille raaka-aineille. Sen tasapainoinen maku korostaa lihan, kalan ja kasvisten omia aromeja ilman, ett\u00e4 se peitt\u00e4\u00e4 niit\u00e4. T\u00e4m\u00e4 tekee siit\u00e4 erinomaisen valinnan niin arkeen kuin kes\u00e4n grillijuhliin. Grillausmarinadi Korean tuo ruokaan enemm\u00e4n makua ja vivahteita. Se sopii erityisen hyvin wokkeihin, liha-&hellip;&nbsp;<a href=\"https:\/\/kavli.fi\/index.php\/johnnys-grillioljyt\/\" rel=\"bookmark\">Lue lis\u00e4\u00e4 &raquo;<span class=\"screen-reader-text\">Johnny\u00b4s Grilli\u00f6ljyt<\/span><\/a><\/p>\n","protected":false},"author":1,"featured_media":0,"parent":0,"menu_order":0,"comment_status":"closed","ping_status":"closed","template":"","meta":{"neve_meta_sidebar":"","neve_meta_container":"","neve_meta_enable_content_width":"","neve_meta_content_width":0,"neve_meta_title_alignment":"","neve_meta_author_avatar":"","neve_post_elements_order":"","neve_meta_disable_header":"","neve_meta_disable_footer":"","neve_meta_disable_title":"","iawp_total_views":11,"footnotes":""},"class_list":["post-2124","page","type-page","status-publish","hentry"],"yoast_head":"<!-- This site is optimized with the Yoast SEO plugin v27.4 - https:\/\/yoast.com\/product\/yoast-seo-wordpress\/ -->\n<title>Johnny\u00b4s Grilli\u00f6ljyt - Kavli<\/title>\n<meta name=\"robots\" content=\"index, follow, max-snippet:-1, max-image-preview:large, max-video-preview:-1\" \/>\n<link rel=\"canonical\" href=\"https:\/\/kavli.fi\/index.php\/johnnys-grillioljyt\/\" \/>\n<meta property=\"og:locale\" content=\"fi_FI\" \/>\n<meta property=\"og:type\" content=\"article\" \/>\n<meta property=\"og:title\" content=\"Johnny\u00b4s Grilli\u00f6ljyt - Kavli\" \/>\n<meta property=\"og:description\" content=\"Kaksi herkullista uutuutta grillikauteen! Grillausmarinadi Allround on monik\u00e4ytt\u00f6inen grilli\u00f6ljy, joka sopii nimens\u00e4 mukaisesti l\u00e4hes kaikille raaka-aineille. Sen tasapainoinen maku korostaa lihan, kalan ja kasvisten omia aromeja ilman, ett\u00e4 se peitt\u00e4\u00e4 niit\u00e4. T\u00e4m\u00e4 tekee siit\u00e4 erinomaisen valinnan niin arkeen kuin kes\u00e4n grillijuhliin. Grillausmarinadi Korean tuo ruokaan enemm\u00e4n makua ja vivahteita. Se sopii erityisen hyvin wokkeihin, liha-&hellip;&nbsp;Lue lis\u00e4\u00e4 &raquo;Johnny\u00b4s Grilli\u00f6ljyt\" \/>\n<meta property=\"og:url\" content=\"https:\/\/kavli.fi\/index.php\/johnnys-grillioljyt\/\" \/>\n<meta property=\"og:site_name\" content=\"Kavli\" \/>\n<meta property=\"article:publisher\" content=\"https:\/\/www.facebook.com\/kavlisuomi\" \/>\n<meta property=\"article:modified_time\" content=\"2026-04-20T06:18:42+00:00\" \/>\n<meta property=\"og:image\" content=\"https:\/\/kavli.fi\/wp-content\/uploads\/2026\/04\/Grillioljy-Cover-2-scaled.jpg\" \/>\n\t<meta property=\"og:image:width\" content=\"2560\" \/>\n\t<meta property=\"og:image:height\" content=\"803\" \/>\n\t<meta property=\"og:image:type\" content=\"image\/jpeg\" \/>\n<meta name=\"twitter:card\" content=\"summary_large_image\" \/>\n<meta name=\"twitter:label1\" content=\"Arvioitu lukuaika\" \/>\n\t<meta name=\"twitter:data1\" content=\"3 minuuttia\" \/>\n<script type=\"application\/ld+json\" class=\"yoast-schema-graph\">{\"@context\":\"https:\\\/\\\/schema.org\",\"@graph\":[{\"@type\":\"WebPage\",\"@id\":\"https:\\\/\\\/kavli.fi\\\/index.php\\\/johnnys-grillioljyt\\\/\",\"url\":\"https:\\\/\\\/kavli.fi\\\/index.php\\\/johnnys-grillioljyt\\\/\",\"name\":\"Johnny\u00b4s Grilli\u00f6ljyt - Kavli\",\"isPartOf\":{\"@id\":\"https:\\\/\\\/kavli.fi\\\/#website\"},\"primaryImageOfPage\":{\"@id\":\"https:\\\/\\\/kavli.fi\\\/index.php\\\/johnnys-grillioljyt\\\/#primaryimage\"},\"image\":{\"@id\":\"https:\\\/\\\/kavli.fi\\\/index.php\\\/johnnys-grillioljyt\\\/#primaryimage\"},\"thumbnailUrl\":\"https:\\\/\\\/kavli.fi\\\/wp-content\\\/uploads\\\/2026\\\/04\\\/Grillioljy-Cover-2-scaled.jpg\",\"datePublished\":\"2026-04-20T06:01:58+00:00\",\"dateModified\":\"2026-04-20T06:18:42+00:00\",\"breadcrumb\":{\"@id\":\"https:\\\/\\\/kavli.fi\\\/index.php\\\/johnnys-grillioljyt\\\/#breadcrumb\"},\"inLanguage\":\"fi\",\"potentialAction\":[{\"@type\":\"ReadAction\",\"target\":[\"https:\\\/\\\/kavli.fi\\\/index.php\\\/johnnys-grillioljyt\\\/\"]}]},{\"@type\":\"ImageObject\",\"inLanguage\":\"fi\",\"@id\":\"https:\\\/\\\/kavli.fi\\\/index.php\\\/johnnys-grillioljyt\\\/#primaryimage\",\"url\":\"https:\\\/\\\/kavli.fi\\\/wp-content\\\/uploads\\\/2026\\\/04\\\/Grillioljy-Cover-2-scaled.jpg\",\"contentUrl\":\"https:\\\/\\\/kavli.fi\\\/wp-content\\\/uploads\\\/2026\\\/04\\\/Grillioljy-Cover-2-scaled.jpg\",\"width\":2560,\"height\":803,\"caption\":\"Screenshot\"},{\"@type\":\"BreadcrumbList\",\"@id\":\"https:\\\/\\\/kavli.fi\\\/index.php\\\/johnnys-grillioljyt\\\/#breadcrumb\",\"itemListElement\":[{\"@type\":\"ListItem\",\"position\":1,\"name\":\"Etusivu\",\"item\":\"https:\\\/\\\/kavli.fi\\\/\"},{\"@type\":\"ListItem\",\"position\":2,\"name\":\"Johnny\u00b4s Grilli\u00f6ljyt\"}]},{\"@type\":\"WebSite\",\"@id\":\"https:\\\/\\\/kavli.fi\\\/#website\",\"url\":\"https:\\\/\\\/kavli.fi\\\/\",\"name\":\"Kavli\",\"description\":\"Elintarvikebr&auml;ndi, joka tunnetaan erityisesti herkullisista sulatejuustoista, hampurilaiskastikkeesta ja levitteist&auml;.\",\"publisher\":{\"@id\":\"https:\\\/\\\/kavli.fi\\\/#organization\"},\"potentialAction\":[{\"@type\":\"SearchAction\",\"target\":{\"@type\":\"EntryPoint\",\"urlTemplate\":\"https:\\\/\\\/kavli.fi\\\/?s={search_term_string}\"},\"query-input\":{\"@type\":\"PropertyValueSpecification\",\"valueRequired\":true,\"valueName\":\"search_term_string\"}}],\"inLanguage\":\"fi\"},{\"@type\":\"Organization\",\"@id\":\"https:\\\/\\\/kavli.fi\\\/#organization\",\"name\":\"Kavli\",\"url\":\"https:\\\/\\\/kavli.fi\\\/\",\"logo\":{\"@type\":\"ImageObject\",\"inLanguage\":\"fi\",\"@id\":\"https:\\\/\\\/kavli.fi\\\/#\\\/schema\\\/logo\\\/image\\\/\",\"url\":\"https:\\\/\\\/kavli.fi\\\/wp-content\\\/uploads\\\/2025\\\/02\\\/4104641b-4c9c-4202-80ef-562cf595d251-wm.png\",\"contentUrl\":\"https:\\\/\\\/kavli.fi\\\/wp-content\\\/uploads\\\/2025\\\/02\\\/4104641b-4c9c-4202-80ef-562cf595d251-wm.png\",\"width\":380,\"height\":277,\"caption\":\"Kavli\"},\"image\":{\"@id\":\"https:\\\/\\\/kavli.fi\\\/#\\\/schema\\\/logo\\\/image\\\/\"},\"sameAs\":[\"https:\\\/\\\/www.facebook.com\\\/kavlisuomi\"]}]}<\/script>\n<!-- \/ Yoast SEO plugin. -->","yoast_head_json":{"title":"Johnny\u00b4s Grilli\u00f6ljyt - Kavli","robots":{"index":"index","follow":"follow","max-snippet":"max-snippet:-1","max-image-preview":"max-image-preview:large","max-video-preview":"max-video-preview:-1"},"canonical":"https:\/\/kavli.fi\/index.php\/johnnys-grillioljyt\/","og_locale":"fi_FI","og_type":"article","og_title":"Johnny\u00b4s Grilli\u00f6ljyt - Kavli","og_description":"Kaksi herkullista uutuutta grillikauteen! Grillausmarinadi Allround on monik\u00e4ytt\u00f6inen grilli\u00f6ljy, joka sopii nimens\u00e4 mukaisesti l\u00e4hes kaikille raaka-aineille. Sen tasapainoinen maku korostaa lihan, kalan ja kasvisten omia aromeja ilman, ett\u00e4 se peitt\u00e4\u00e4 niit\u00e4. T\u00e4m\u00e4 tekee siit\u00e4 erinomaisen valinnan niin arkeen kuin kes\u00e4n grillijuhliin. Grillausmarinadi Korean tuo ruokaan enemm\u00e4n makua ja vivahteita. Se sopii erityisen hyvin wokkeihin, liha-&hellip;&nbsp;Lue lis\u00e4\u00e4 &raquo;Johnny\u00b4s Grilli\u00f6ljyt","og_url":"https:\/\/kavli.fi\/index.php\/johnnys-grillioljyt\/","og_site_name":"Kavli","article_publisher":"https:\/\/www.facebook.com\/kavlisuomi","article_modified_time":"2026-04-20T06:18:42+00:00","og_image":[{"width":2560,"height":803,"url":"https:\/\/kavli.fi\/wp-content\/uploads\/2026\/04\/Grillioljy-Cover-2-scaled.jpg","type":"image\/jpeg"}],"twitter_card":"summary_large_image","twitter_misc":{"Arvioitu lukuaika":"3 minuuttia"},"schema":{"@context":"https:\/\/schema.org","@graph":[{"@type":"WebPage","@id":"https:\/\/kavli.fi\/index.php\/johnnys-grillioljyt\/","url":"https:\/\/kavli.fi\/index.php\/johnnys-grillioljyt\/","name":"Johnny\u00b4s Grilli\u00f6ljyt - Kavli","isPartOf":{"@id":"https:\/\/kavli.fi\/#website"},"primaryImageOfPage":{"@id":"https:\/\/kavli.fi\/index.php\/johnnys-grillioljyt\/#primaryimage"},"image":{"@id":"https:\/\/kavli.fi\/index.php\/johnnys-grillioljyt\/#primaryimage"},"thumbnailUrl":"https:\/\/kavli.fi\/wp-content\/uploads\/2026\/04\/Grillioljy-Cover-2-scaled.jpg","datePublished":"2026-04-20T06:01:58+00:00","dateModified":"2026-04-20T06:18:42+00:00","breadcrumb":{"@id":"https:\/\/kavli.fi\/index.php\/johnnys-grillioljyt\/#breadcrumb"},"inLanguage":"fi","potentialAction":[{"@type":"ReadAction","target":["https:\/\/kavli.fi\/index.php\/johnnys-grillioljyt\/"]}]},{"@type":"ImageObject","inLanguage":"fi","@id":"https:\/\/kavli.fi\/index.php\/johnnys-grillioljyt\/#primaryimage","url":"https:\/\/kavli.fi\/wp-content\/uploads\/2026\/04\/Grillioljy-Cover-2-scaled.jpg","contentUrl":"https:\/\/kavli.fi\/wp-content\/uploads\/2026\/04\/Grillioljy-Cover-2-scaled.jpg","width":2560,"height":803,"caption":"Screenshot"},{"@type":"BreadcrumbList","@id":"https:\/\/kavli.fi\/index.php\/johnnys-grillioljyt\/#breadcrumb","itemListElement":[{"@type":"ListItem","position":1,"name":"Etusivu","item":"https:\/\/kavli.fi\/"},{"@type":"ListItem","position":2,"name":"Johnny\u00b4s Grilli\u00f6ljyt"}]},{"@type":"WebSite","@id":"https:\/\/kavli.fi\/#website","url":"https:\/\/kavli.fi\/","name":"Kavli","description":"Elintarvikebr&auml;ndi, joka tunnetaan erityisesti herkullisista sulatejuustoista, hampurilaiskastikkeesta ja levitteist&auml;.","publisher":{"@id":"https:\/\/kavli.fi\/#organization"},"potentialAction":[{"@type":"SearchAction","target":{"@type":"EntryPoint","urlTemplate":"https:\/\/kavli.fi\/?s={search_term_string}"},"query-input":{"@type":"PropertyValueSpecification","valueRequired":true,"valueName":"search_term_string"}}],"inLanguage":"fi"},{"@type":"Organization","@id":"https:\/\/kavli.fi\/#organization","name":"Kavli","url":"https:\/\/kavli.fi\/","logo":{"@type":"ImageObject","inLanguage":"fi","@id":"https:\/\/kavli.fi\/#\/schema\/logo\/image\/","url":"https:\/\/kavli.fi\/wp-content\/uploads\/2025\/02\/4104641b-4c9c-4202-80ef-562cf595d251-wm.png","contentUrl":"https:\/\/kavli.fi\/wp-content\/uploads\/2025\/02\/4104641b-4c9c-4202-80ef-562cf595d251-wm.png","width":380,"height":277,"caption":"Kavli"},"image":{"@id":"https:\/\/kavli.fi\/#\/schema\/logo\/image\/"},"sameAs":["https:\/\/www.facebook.com\/kavlisuomi"]}]}},"_links":{"self":[{"href":"https:\/\/kavli.fi\/index.php\/wp-json\/wp\/v2\/pages\/2124","targetHints":{"allow":["GET"]}}],"collection":[{"href":"https:\/\/kavli.fi\/index.php\/wp-json\/wp\/v2\/pages"}],"about":[{"href":"https:\/\/kavli.fi\/index.php\/wp-json\/wp\/v2\/types\/page"}],"author":[{"embeddable":true,"href":"https:\/\/kavli.fi\/index.php\/wp-json\/wp\/v2\/users\/1"}],"replies":[{"embeddable":true,"href":"https:\/\/kavli.fi\/index.php\/wp-json\/wp\/v2\/comments?post=2124"}],"version-history":[{"count":9,"href":"https:\/\/kavli.fi\/index.php\/wp-json\/wp\/v2\/pages\/2124\/revisions"}],"predecessor-version":[{"id":2161,"href":"https:\/\/kavli.fi\/index.php\/wp-json\/wp\/v2\/pages\/2124\/revisions\/2161"}],"wp:attachment":[{"href":"https:\/\/kavli.fi\/index.php\/wp-json\/wp\/v2\/media?parent=2124"}],"curies":[{"name":"wp","href":"https:\/\/api.w.org\/{rel}","templated":true}]}}