{"id":1334,"date":"2025-01-23T12:02:47","date_gmt":"2025-01-23T12:02:47","guid":{"rendered":"https:\/\/kavli.fi\/?page_id=1334"},"modified":"2026-04-20T16:35:15","modified_gmt":"2026-04-20T16:35:15","slug":"tuotteet","status":"publish","type":"page","link":"https:\/\/kavli.fi\/index.php\/tuotteet\/","title":{"rendered":"Tuotteet"},"content":{"rendered":"\n<div class=\"wp-block-cover alignfull is-light\" style=\"min-height:700px;aspect-ratio:unset;\"><img loading=\"lazy\" decoding=\"async\" width=\"1476\" height=\"1040\" class=\"wp-block-cover__image-background wp-image-1651\" alt=\"\" src=\"https:\/\/kavli.fi\/wp-content\/uploads\/2025\/02\/Kavli_G_r_v_rlden_mjukare__KVI_17594.jpg\" style=\"object-position:45% 44%\" data-object-fit=\"cover\" data-object-position=\"45% 44%\" srcset=\"https:\/\/kavli.fi\/wp-content\/uploads\/2025\/02\/Kavli_G_r_v_rlden_mjukare__KVI_17594.jpg 1476w, https:\/\/kavli.fi\/wp-content\/uploads\/2025\/02\/Kavli_G_r_v_rlden_mjukare__KVI_17594-300x211.jpg 300w, https:\/\/kavli.fi\/wp-content\/uploads\/2025\/02\/Kavli_G_r_v_rlden_mjukare__KVI_17594-1024x722.jpg 1024w, https:\/\/kavli.fi\/wp-content\/uploads\/2025\/02\/Kavli_G_r_v_rlden_mjukare__KVI_17594-768x541.jpg 768w\" sizes=\"auto, (max-width: 1476px) 100vw, 1476px\" \/><span aria-hidden=\"true\" class=\"wp-block-cover__background has-background-dim-0 has-background-dim\" style=\"background-color:#b0dbb2\"><\/span><div class=\"wp-block-cover__inner-container is-layout-flow wp-block-cover-is-layout-flow\">\n<h1 class=\"wp-block-heading has-text-align-center has-white-color has-text-color\"><\/h1>\n\n\n\n<p class=\"has-text-align-center has-white-color has-text-color\" style=\"font-size:23px\"><\/p>\n\n\n\n<div style=\"height:40px\" aria-hidden=\"true\" class=\"wp-block-spacer\"><\/div>\n\n\n\n<div class=\"wp-block-group\"><div class=\"wp-block-group__inner-container is-layout-flow wp-block-group-is-layout-flow\">\n<div class=\"wp-block-buttons is-content-justification-center is-layout-flex wp-container-core-buttons-is-layout-16018d1d wp-block-buttons-is-layout-flex\"><\/div>\n<\/div><\/div>\n<\/div><\/div>\n\n\n\n<div style=\"height:100px\" aria-hidden=\"true\" class=\"wp-block-spacer\"><\/div>\n\n\n\n<div class=\"wp-block-columns is-layout-flex wp-container-core-columns-is-layout-9d6595d7 wp-block-columns-is-layout-flex\">\n<div class=\"wp-block-column is-layout-flow wp-block-column-is-layout-flow\">\n<figure class=\"wp-block-image size-full\"><a href=\"https:\/\/kavli.fi\/index.php\/hampurilaiskastikkeet\/\"><img loading=\"lazy\" decoding=\"async\" width=\"724\" height=\"868\" src=\"https:\/\/kavli.fi\/wp-content\/uploads\/2025\/01\/Hampurilaiskastikkeet.jpg\" alt=\"\" class=\"wp-image-1054\" srcset=\"https:\/\/kavli.fi\/wp-content\/uploads\/2025\/01\/Hampurilaiskastikkeet.jpg 724w, https:\/\/kavli.fi\/wp-content\/uploads\/2025\/01\/Hampurilaiskastikkeet-250x300.jpg 250w\" sizes=\"auto, (max-width: 724px) 100vw, 724px\" \/><\/a><\/figure>\n\n\n\n<h3 class=\"wp-block-heading\"><\/h3>\n\n\n\n<p>Kavlin suositut hampurilaiskastikkeet, kuten klassinen Original ja mausteinen Schiracha, tuovat t\u00e4ydellisen viimeistelyn hampurilaisaterioille. Koko perheen suosikit!<\/p>\n\n\n\n<div class=\"wp-block-buttons is-layout-flex wp-block-buttons-is-layout-flex\">\n<div class=\"wp-block-button is-style-primary\"><a class=\"wp-block-button__link wp-element-button\" href=\"https:\/\/kavli.fi\/index.php\/hampurilaiskastikkeet\/\">Hampurilaiskastikkeet<\/a><\/div>\n<\/div>\n<\/div>\n\n\n\n<div class=\"wp-block-column is-layout-flow wp-block-column-is-layout-flow\">\n<figure class=\"wp-block-image size-full\"><a href=\"https:\/\/kavli.fi\/index.php\/majoneesit\/\"><img loading=\"lazy\" decoding=\"async\" width=\"724\" height=\"868\" src=\"https:\/\/kavli.fi\/wp-content\/uploads\/2025\/01\/Majoneesit_pieni.jpg\" alt=\"\" class=\"wp-image-1058\" srcset=\"https:\/\/kavli.fi\/wp-content\/uploads\/2025\/01\/Majoneesit_pieni.jpg 724w, https:\/\/kavli.fi\/wp-content\/uploads\/2025\/01\/Majoneesit_pieni-250x300.jpg 250w\" sizes=\"auto, (max-width: 724px) 100vw, 724px\" \/><\/a><\/figure>\n\n\n\n<h3 class=\"wp-block-heading\"><\/h3>\n\n\n\n<p>Kavlin laadukkaat majoneesit ovat t\u00e4ydellinen valinta voileip\u00e4kakkuihin sek\u00e4 muihin ruokiin, joissa tarvitaan t\u00e4ytel\u00e4ist\u00e4 ja herkullista majoneesia.<\/p>\n\n\n\n<div class=\"wp-block-buttons is-layout-flex wp-block-buttons-is-layout-flex\">\n<div class=\"wp-block-button is-style-primary\"><a class=\"wp-block-button__link wp-element-button\" href=\"https:\/\/kavli.fi\/index.php\/majoneesit\/\">Majoneesit<\/a><\/div>\n<\/div>\n<\/div>\n\n\n\n<div class=\"wp-block-column is-layout-flow wp-block-column-is-layout-flow\">\n<figure class=\"wp-block-image size-full\"><a href=\"https:\/\/kavli.fi\/index.php\/sulatejuustot\/\"><img loading=\"lazy\" decoding=\"async\" width=\"724\" height=\"868\" src=\"https:\/\/kavli.fi\/wp-content\/uploads\/2025\/01\/Sulatejuustot.jpg\" alt=\"\" class=\"wp-image-1055\" srcset=\"https:\/\/kavli.fi\/wp-content\/uploads\/2025\/01\/Sulatejuustot.jpg 724w, https:\/\/kavli.fi\/wp-content\/uploads\/2025\/01\/Sulatejuustot-250x300.jpg 250w\" sizes=\"auto, (max-width: 724px) 100vw, 724px\" \/><\/a><\/figure>\n\n\n\n<h3 class=\"wp-block-heading\"><\/h3>\n\n\n\n<p>Kavlin herkulliset sulatejuustot ovat t\u00e4ydellinen valinta niin leiv\u00e4n p\u00e4\u00e4lle kuin ruoanlaittoon \u2013 t\u00e4ynn\u00e4 makua ja monik\u00e4ytt\u00f6isyytt\u00e4 jokaisessa pakkauksessa.<\/p>\n\n\n\n<div class=\"wp-block-buttons is-layout-flex wp-block-buttons-is-layout-flex\">\n<div class=\"wp-block-button is-style-primary\"><a class=\"wp-block-button__link wp-element-button\" href=\"https:\/\/kavli.fi\/index.php\/sulatejuustot\/\">Sulatejuustot<\/a><\/div>\n<\/div>\n<\/div>\n<\/div>\n\n\n\n<div style=\"height:100px\" aria-hidden=\"true\" class=\"wp-block-spacer\"><\/div>\n\n\n\n<div class=\"wp-block-columns is-layout-flex wp-container-core-columns-is-layout-9d6595d7 wp-block-columns-is-layout-flex\">\n<div class=\"wp-block-column is-layout-flow wp-block-column-is-layout-flow\">\n<figure class=\"wp-block-image size-full\"><a href=\"https:\/\/kavli.fi\/index.php\/johnnys-bbq\/\"><img loading=\"lazy\" decoding=\"async\" width=\"724\" height=\"868\" src=\"https:\/\/kavli.fi\/wp-content\/uploads\/2025\/01\/Johnnys_BBQ.jpg\" alt=\"\" class=\"wp-image-1060\" srcset=\"https:\/\/kavli.fi\/wp-content\/uploads\/2025\/01\/Johnnys_BBQ.jpg 724w, https:\/\/kavli.fi\/wp-content\/uploads\/2025\/01\/Johnnys_BBQ-250x300.jpg 250w\" sizes=\"auto, (max-width: 724px) 100vw, 724px\" \/><\/a><\/figure>\n\n\n\n<h3 class=\"wp-block-heading\"><\/h3>\n\n\n\n<p>Johnny&#8217;s Barbeque Buddies -kastikkeet nostavat grillauksen uudelle tasolle \u2013 t\u00e4ynn\u00e4 savuisia, makean ja mausteisen t\u00e4ydellisesti tasapainotettuja makuja, jotka kruunaavat jokaisen grillihetken!<\/p>\n\n\n\n<div class=\"wp-block-buttons is-layout-flex wp-block-buttons-is-layout-flex\">\n<div class=\"wp-block-button is-style-primary\"><a class=\"wp-block-button__link wp-element-button\" href=\"https:\/\/kavli.fi\/index.php\/johnnys-bbq\/\">Johnny\u00b4s BBQ<\/a><\/div>\n<\/div>\n\n\n\n<div style=\"height:30px\" aria-hidden=\"true\" class=\"wp-block-spacer\"><\/div>\n<\/div>\n\n\n\n<div class=\"wp-block-column is-layout-flow wp-block-column-is-layout-flow\">\n<figure class=\"wp-block-image size-full\"><a href=\"https:\/\/kavli.fi\/index.php\/johnnnys-sinapit\/\"><img loading=\"lazy\" decoding=\"async\" width=\"724\" height=\"868\" src=\"https:\/\/kavli.fi\/wp-content\/uploads\/2025\/01\/Sinapit_pieni.jpg\" alt=\"\" class=\"wp-image-1061\" srcset=\"https:\/\/kavli.fi\/wp-content\/uploads\/2025\/01\/Sinapit_pieni.jpg 724w, https:\/\/kavli.fi\/wp-content\/uploads\/2025\/01\/Sinapit_pieni-250x300.jpg 250w\" sizes=\"auto, (max-width: 724px) 100vw, 724px\" \/><\/a><\/figure>\n\n\n\n<h3 class=\"wp-block-heading\"><\/h3>\n\n\n\n<p>Johnny&#8217;s sinapit tuovat t\u00e4ydellisen maun kaikkiin herkkuihin. Ne sopivat aina hot dogeista street foodiin \u2013 tehden jokaisesta suupalasta unohtumattoman el\u00e4myksen. Kokeile my\u00f6s kastikkeissa!<\/p>\n\n\n\n<div class=\"wp-block-buttons is-layout-flex wp-block-buttons-is-layout-flex\">\n<div class=\"wp-block-button is-style-primary\"><a class=\"wp-block-button__link wp-element-button\" href=\"https:\/\/kavli.fi\/index.php\/johnnnys-sinapit\/\">Johnny\u00b4s sinapit<\/a><\/div>\n<\/div>\n\n\n\n<div style=\"height:30px\" aria-hidden=\"true\" class=\"wp-block-spacer\"><\/div>\n<\/div>\n\n\n\n<div class=\"wp-block-column is-layout-flow wp-block-column-is-layout-flow\">\n<figure class=\"wp-block-image size-full\"><a href=\"https:\/\/kavli.fi\/index.php\/druvan\/\"><img loading=\"lazy\" decoding=\"async\" width=\"724\" height=\"868\" src=\"https:\/\/kavli.fi\/wp-content\/uploads\/2025\/01\/Druvan.jpg\" alt=\"\" class=\"wp-image-1062\" srcset=\"https:\/\/kavli.fi\/wp-content\/uploads\/2025\/01\/Druvan.jpg 724w, https:\/\/kavli.fi\/wp-content\/uploads\/2025\/01\/Druvan-250x300.jpg 250w\" sizes=\"auto, (max-width: 724px) 100vw, 724px\" \/><\/a><\/figure>\n\n\n\n<h3 class=\"wp-block-heading\"><\/h3>\n\n\n\n<p>Druvan-viinietikat ovat t\u00e4ydellinen valinta salaatinkastikkeisiin ja ruoanlaittoon \u2013 ne tuovat raikkautta ja hienostunutta makua jokaiseen annokseen. Kokeile my\u00f6s Druvan-graavilohikastiketta!<\/p>\n\n\n\n<div class=\"wp-block-buttons is-layout-flex wp-block-buttons-is-layout-flex\">\n<div class=\"wp-block-button is-style-primary\"><a class=\"wp-block-button__link wp-element-button\" href=\"https:\/\/kavli.fi\/index.php\/druvan\/\">Druvan<\/a><\/div>\n<\/div>\n\n\n\n<div style=\"height:30px\" aria-hidden=\"true\" class=\"wp-block-spacer\"><\/div>\n<\/div>\n<\/div>\n\n\n\n<div style=\"height:100px\" aria-hidden=\"true\" class=\"wp-block-spacer\"><\/div>\n","protected":false},"excerpt":{"rendered":"<p>Kavlin suositut hampurilaiskastikkeet, kuten klassinen Original ja mausteinen Schiracha, tuovat t\u00e4ydellisen viimeistelyn hampurilaisaterioille. Koko perheen suosikit! Kavlin laadukkaat majoneesit ovat t\u00e4ydellinen valinta voileip\u00e4kakkuihin sek\u00e4 muihin ruokiin, joissa tarvitaan t\u00e4ytel\u00e4ist\u00e4 ja herkullista majoneesia. Kavlin herkulliset sulatejuustot ovat t\u00e4ydellinen valinta niin leiv\u00e4n p\u00e4\u00e4lle kuin ruoanlaittoon \u2013 t\u00e4ynn\u00e4 makua ja monik\u00e4ytt\u00f6isyytt\u00e4 jokaisessa pakkauksessa. Johnny&#8217;s Barbeque Buddies -kastikkeet nostavat&hellip;&nbsp;<a href=\"https:\/\/kavli.fi\/index.php\/tuotteet\/\" rel=\"bookmark\">Read More &raquo;<span class=\"screen-reader-text\">Tuotteet<\/span><\/a><\/p>\n","protected":false},"author":1,"featured_media":0,"parent":0,"menu_order":0,"comment_status":"closed","ping_status":"closed","template":"","meta":{"neve_meta_sidebar":"","neve_meta_container":"","neve_meta_enable_content_width":"on","neve_meta_content_width":100,"neve_meta_title_alignment":"","neve_meta_author_avatar":"","neve_post_elements_order":"","neve_meta_disable_header":"","neve_meta_disable_footer":"","neve_meta_disable_title":"","neve_meta_reading_time":"","iawp_total_views":86,"footnotes":""},"class_list":["post-1334","page","type-page","status-publish","hentry"],"yoast_head":"<!-- This site is optimized with the Yoast SEO plugin v27.5 - https:\/\/yoast.com\/product\/yoast-seo-wordpress\/ -->\n<title>Tuotteet - Kavli<\/title>\n<meta name=\"description\" content=\"Kavlin laadukkaat ja herkulliset tuotteet viimeistelev\u00e4t ruoanlaiton \u2013 lis\u00e4\u00e4 makua, helppoutta ja nautintoa jokaiseen annokseen.\" \/>\n<meta name=\"robots\" content=\"index, follow, max-snippet:-1, max-image-preview:large, max-video-preview:-1\" \/>\n<link rel=\"canonical\" href=\"https:\/\/kavli.fi\/index.php\/tuotteet\/\" \/>\n<meta property=\"og:locale\" content=\"fi_FI\" \/>\n<meta property=\"og:type\" content=\"article\" \/>\n<meta property=\"og:title\" content=\"Tuotteet - Kavli\" \/>\n<meta property=\"og:description\" content=\"Kavlin laadukkaat ja herkulliset tuotteet viimeistelev\u00e4t ruoanlaiton \u2013 lis\u00e4\u00e4 makua, helppoutta ja nautintoa jokaiseen annokseen.\" \/>\n<meta property=\"og:url\" content=\"https:\/\/kavli.fi\/index.php\/tuotteet\/\" \/>\n<meta property=\"og:site_name\" content=\"Kavli\" \/>\n<meta property=\"article:publisher\" content=\"https:\/\/www.facebook.com\/kavlisuomi\" \/>\n<meta property=\"article:modified_time\" content=\"2026-04-20T16:35:15+00:00\" \/>\n<meta property=\"og:image\" content=\"https:\/\/kavli.fi\/wp-content\/uploads\/2025\/02\/Kavli_G_r_v_rlden_mjukare__KVI_17594.jpg\" \/>\n\t<meta property=\"og:image:width\" content=\"1476\" \/>\n\t<meta property=\"og:image:height\" content=\"1040\" \/>\n\t<meta property=\"og:image:type\" content=\"image\/jpeg\" \/>\n<meta name=\"twitter:card\" content=\"summary_large_image\" \/>\n<meta name=\"twitter:label1\" content=\"Arvioitu lukuaika\" \/>\n\t<meta name=\"twitter:data1\" content=\"3 minuuttia\" \/>\n<script type=\"application\/ld+json\" class=\"yoast-schema-graph\">{\"@context\":\"https:\\\/\\\/schema.org\",\"@graph\":[{\"@type\":\"WebPage\",\"@id\":\"https:\\\/\\\/kavli.fi\\\/index.php\\\/tuotteet\\\/\",\"url\":\"https:\\\/\\\/kavli.fi\\\/index.php\\\/tuotteet\\\/\",\"name\":\"Tuotteet - Kavli\",\"isPartOf\":{\"@id\":\"https:\\\/\\\/kavli.fi\\\/#website\"},\"primaryImageOfPage\":{\"@id\":\"https:\\\/\\\/kavli.fi\\\/index.php\\\/tuotteet\\\/#primaryimage\"},\"image\":{\"@id\":\"https:\\\/\\\/kavli.fi\\\/index.php\\\/tuotteet\\\/#primaryimage\"},\"thumbnailUrl\":\"https:\\\/\\\/kavli.fi\\\/wp-content\\\/uploads\\\/2025\\\/02\\\/Kavli_G_r_v_rlden_mjukare__KVI_17594.jpg\",\"datePublished\":\"2025-01-23T12:02:47+00:00\",\"dateModified\":\"2026-04-20T16:35:15+00:00\",\"description\":\"Kavlin laadukkaat ja herkulliset tuotteet viimeistelev\u00e4t ruoanlaiton \u2013 lis\u00e4\u00e4 makua, helppoutta ja nautintoa jokaiseen annokseen.\",\"breadcrumb\":{\"@id\":\"https:\\\/\\\/kavli.fi\\\/index.php\\\/tuotteet\\\/#breadcrumb\"},\"inLanguage\":\"fi\",\"potentialAction\":[{\"@type\":\"ReadAction\",\"target\":[\"https:\\\/\\\/kavli.fi\\\/index.php\\\/tuotteet\\\/\"]}]},{\"@type\":\"ImageObject\",\"inLanguage\":\"fi\",\"@id\":\"https:\\\/\\\/kavli.fi\\\/index.php\\\/tuotteet\\\/#primaryimage\",\"url\":\"https:\\\/\\\/kavli.fi\\\/wp-content\\\/uploads\\\/2025\\\/02\\\/Kavli_G_r_v_rlden_mjukare__KVI_17594.jpg\",\"contentUrl\":\"https:\\\/\\\/kavli.fi\\\/wp-content\\\/uploads\\\/2025\\\/02\\\/Kavli_G_r_v_rlden_mjukare__KVI_17594.jpg\",\"width\":1476,\"height\":1040},{\"@type\":\"BreadcrumbList\",\"@id\":\"https:\\\/\\\/kavli.fi\\\/index.php\\\/tuotteet\\\/#breadcrumb\",\"itemListElement\":[{\"@type\":\"ListItem\",\"position\":1,\"name\":\"Etusivu\",\"item\":\"https:\\\/\\\/kavli.fi\\\/\"},{\"@type\":\"ListItem\",\"position\":2,\"name\":\"Tuotteet\"}]},{\"@type\":\"WebSite\",\"@id\":\"https:\\\/\\\/kavli.fi\\\/#website\",\"url\":\"https:\\\/\\\/kavli.fi\\\/\",\"name\":\"Kavli\",\"description\":\"Elintarvikebr&auml;ndi, joka tunnetaan erityisesti herkullisista sulatejuustoista, hampurilaiskastikkeesta ja levitteist&auml;.\",\"publisher\":{\"@id\":\"https:\\\/\\\/kavli.fi\\\/#organization\"},\"potentialAction\":[{\"@type\":\"SearchAction\",\"target\":{\"@type\":\"EntryPoint\",\"urlTemplate\":\"https:\\\/\\\/kavli.fi\\\/?s={search_term_string}\"},\"query-input\":{\"@type\":\"PropertyValueSpecification\",\"valueRequired\":true,\"valueName\":\"search_term_string\"}}],\"inLanguage\":\"fi\"},{\"@type\":\"Organization\",\"@id\":\"https:\\\/\\\/kavli.fi\\\/#organization\",\"name\":\"Kavli\",\"url\":\"https:\\\/\\\/kavli.fi\\\/\",\"logo\":{\"@type\":\"ImageObject\",\"inLanguage\":\"fi\",\"@id\":\"https:\\\/\\\/kavli.fi\\\/#\\\/schema\\\/logo\\\/image\\\/\",\"url\":\"https:\\\/\\\/kavli.fi\\\/wp-content\\\/uploads\\\/2025\\\/02\\\/4104641b-4c9c-4202-80ef-562cf595d251-wm.png\",\"contentUrl\":\"https:\\\/\\\/kavli.fi\\\/wp-content\\\/uploads\\\/2025\\\/02\\\/4104641b-4c9c-4202-80ef-562cf595d251-wm.png\",\"width\":380,\"height\":277,\"caption\":\"Kavli\"},\"image\":{\"@id\":\"https:\\\/\\\/kavli.fi\\\/#\\\/schema\\\/logo\\\/image\\\/\"},\"sameAs\":[\"https:\\\/\\\/www.facebook.com\\\/kavlisuomi\"]}]}<\/script>\n<!-- \/ Yoast SEO plugin. -->","yoast_head_json":{"title":"Tuotteet - Kavli","description":"Kavlin laadukkaat ja herkulliset tuotteet viimeistelev\u00e4t ruoanlaiton \u2013 lis\u00e4\u00e4 makua, helppoutta ja nautintoa jokaiseen annokseen.","robots":{"index":"index","follow":"follow","max-snippet":"max-snippet:-1","max-image-preview":"max-image-preview:large","max-video-preview":"max-video-preview:-1"},"canonical":"https:\/\/kavli.fi\/index.php\/tuotteet\/","og_locale":"fi_FI","og_type":"article","og_title":"Tuotteet - Kavli","og_description":"Kavlin laadukkaat ja herkulliset tuotteet viimeistelev\u00e4t ruoanlaiton \u2013 lis\u00e4\u00e4 makua, helppoutta ja nautintoa jokaiseen annokseen.","og_url":"https:\/\/kavli.fi\/index.php\/tuotteet\/","og_site_name":"Kavli","article_publisher":"https:\/\/www.facebook.com\/kavlisuomi","article_modified_time":"2026-04-20T16:35:15+00:00","og_image":[{"width":1476,"height":1040,"url":"https:\/\/kavli.fi\/wp-content\/uploads\/2025\/02\/Kavli_G_r_v_rlden_mjukare__KVI_17594.jpg","type":"image\/jpeg"}],"twitter_card":"summary_large_image","twitter_misc":{"Arvioitu lukuaika":"3 minuuttia"},"schema":{"@context":"https:\/\/schema.org","@graph":[{"@type":"WebPage","@id":"https:\/\/kavli.fi\/index.php\/tuotteet\/","url":"https:\/\/kavli.fi\/index.php\/tuotteet\/","name":"Tuotteet - Kavli","isPartOf":{"@id":"https:\/\/kavli.fi\/#website"},"primaryImageOfPage":{"@id":"https:\/\/kavli.fi\/index.php\/tuotteet\/#primaryimage"},"image":{"@id":"https:\/\/kavli.fi\/index.php\/tuotteet\/#primaryimage"},"thumbnailUrl":"https:\/\/kavli.fi\/wp-content\/uploads\/2025\/02\/Kavli_G_r_v_rlden_mjukare__KVI_17594.jpg","datePublished":"2025-01-23T12:02:47+00:00","dateModified":"2026-04-20T16:35:15+00:00","description":"Kavlin laadukkaat ja herkulliset tuotteet viimeistelev\u00e4t ruoanlaiton \u2013 lis\u00e4\u00e4 makua, helppoutta ja nautintoa jokaiseen annokseen.","breadcrumb":{"@id":"https:\/\/kavli.fi\/index.php\/tuotteet\/#breadcrumb"},"inLanguage":"fi","potentialAction":[{"@type":"ReadAction","target":["https:\/\/kavli.fi\/index.php\/tuotteet\/"]}]},{"@type":"ImageObject","inLanguage":"fi","@id":"https:\/\/kavli.fi\/index.php\/tuotteet\/#primaryimage","url":"https:\/\/kavli.fi\/wp-content\/uploads\/2025\/02\/Kavli_G_r_v_rlden_mjukare__KVI_17594.jpg","contentUrl":"https:\/\/kavli.fi\/wp-content\/uploads\/2025\/02\/Kavli_G_r_v_rlden_mjukare__KVI_17594.jpg","width":1476,"height":1040},{"@type":"BreadcrumbList","@id":"https:\/\/kavli.fi\/index.php\/tuotteet\/#breadcrumb","itemListElement":[{"@type":"ListItem","position":1,"name":"Etusivu","item":"https:\/\/kavli.fi\/"},{"@type":"ListItem","position":2,"name":"Tuotteet"}]},{"@type":"WebSite","@id":"https:\/\/kavli.fi\/#website","url":"https:\/\/kavli.fi\/","name":"Kavli","description":"Elintarvikebr&auml;ndi, joka tunnetaan erityisesti herkullisista sulatejuustoista, hampurilaiskastikkeesta ja levitteist&auml;.","publisher":{"@id":"https:\/\/kavli.fi\/#organization"},"potentialAction":[{"@type":"SearchAction","target":{"@type":"EntryPoint","urlTemplate":"https:\/\/kavli.fi\/?s={search_term_string}"},"query-input":{"@type":"PropertyValueSpecification","valueRequired":true,"valueName":"search_term_string"}}],"inLanguage":"fi"},{"@type":"Organization","@id":"https:\/\/kavli.fi\/#organization","name":"Kavli","url":"https:\/\/kavli.fi\/","logo":{"@type":"ImageObject","inLanguage":"fi","@id":"https:\/\/kavli.fi\/#\/schema\/logo\/image\/","url":"https:\/\/kavli.fi\/wp-content\/uploads\/2025\/02\/4104641b-4c9c-4202-80ef-562cf595d251-wm.png","contentUrl":"https:\/\/kavli.fi\/wp-content\/uploads\/2025\/02\/4104641b-4c9c-4202-80ef-562cf595d251-wm.png","width":380,"height":277,"caption":"Kavli"},"image":{"@id":"https:\/\/kavli.fi\/#\/schema\/logo\/image\/"},"sameAs":["https:\/\/www.facebook.com\/kavlisuomi"]}]}},"_links":{"self":[{"href":"https:\/\/kavli.fi\/index.php\/wp-json\/wp\/v2\/pages\/1334","targetHints":{"allow":["GET"]}}],"collection":[{"href":"https:\/\/kavli.fi\/index.php\/wp-json\/wp\/v2\/pages"}],"about":[{"href":"https:\/\/kavli.fi\/index.php\/wp-json\/wp\/v2\/types\/page"}],"author":[{"embeddable":true,"href":"https:\/\/kavli.fi\/index.php\/wp-json\/wp\/v2\/users\/1"}],"replies":[{"embeddable":true,"href":"https:\/\/kavli.fi\/index.php\/wp-json\/wp\/v2\/comments?post=1334"}],"version-history":[{"count":15,"href":"https:\/\/kavli.fi\/index.php\/wp-json\/wp\/v2\/pages\/1334\/revisions"}],"predecessor-version":[{"id":1764,"href":"https:\/\/kavli.fi\/index.php\/wp-json\/wp\/v2\/pages\/1334\/revisions\/1764"}],"wp:attachment":[{"href":"https:\/\/kavli.fi\/index.php\/wp-json\/wp\/v2\/media?parent=1334"}],"curies":[{"name":"wp","href":"https:\/\/api.w.org\/{rel}","templated":true}]}}