{"id":1184,"date":"2025-01-23T11:11:09","date_gmt":"2025-01-23T11:11:09","guid":{"rendered":"https:\/\/kavli.fi\/?page_id=1184"},"modified":"2025-05-07T14:12:12","modified_gmt":"2025-05-07T14:12:12","slug":"sulatejuustot","status":"publish","type":"page","link":"https:\/\/kavli.fi\/index.php\/sulatejuustot\/","title":{"rendered":"Sulatejuustot"},"content":{"rendered":"\n<div class=\"wp-block-cover alignfull is-light\" style=\"min-height:700px;aspect-ratio:unset;\"><img loading=\"lazy\" decoding=\"async\" width=\"1476\" height=\"1002\" class=\"wp-block-cover__image-background wp-image-1692\" alt=\"\" src=\"https:\/\/kavli.fi\/wp-content\/uploads\/2025\/02\/Kavli_G_r_v_rlden_mjukare__KVI_17610.jpg\" style=\"object-position:47% 38%\" data-object-fit=\"cover\" data-object-position=\"47% 38%\" srcset=\"https:\/\/kavli.fi\/wp-content\/uploads\/2025\/02\/Kavli_G_r_v_rlden_mjukare__KVI_17610.jpg 1476w, https:\/\/kavli.fi\/wp-content\/uploads\/2025\/02\/Kavli_G_r_v_rlden_mjukare__KVI_17610-300x204.jpg 300w, https:\/\/kavli.fi\/wp-content\/uploads\/2025\/02\/Kavli_G_r_v_rlden_mjukare__KVI_17610-1024x695.jpg 1024w, https:\/\/kavli.fi\/wp-content\/uploads\/2025\/02\/Kavli_G_r_v_rlden_mjukare__KVI_17610-768x521.jpg 768w\" sizes=\"auto, (max-width: 1476px) 100vw, 1476px\" \/><span aria-hidden=\"true\" class=\"wp-block-cover__background has-background-dim-0 has-background-dim\" style=\"background-color:#fbb5b2\"><\/span><div class=\"wp-block-cover__inner-container is-layout-flow wp-block-cover-is-layout-flow\">\n<h1 class=\"wp-block-heading has-text-align-center has-white-color has-text-color\"><\/h1>\n\n\n\n<p class=\"has-text-align-center has-white-color has-text-color\" style=\"font-size:23px\"><\/p>\n\n\n\n<div style=\"height:40px\" aria-hidden=\"true\" class=\"wp-block-spacer\"><\/div>\n\n\n\n<div class=\"wp-block-group\"><div class=\"wp-block-group__inner-container is-layout-flow wp-block-group-is-layout-flow\">\n<div class=\"wp-block-buttons is-content-justification-center is-layout-flex wp-container-core-buttons-is-layout-16018d1d wp-block-buttons-is-layout-flex\"><\/div>\n<\/div><\/div>\n<\/div><\/div>\n\n\n\n<div style=\"height:100px\" aria-hidden=\"true\" class=\"wp-block-spacer\"><\/div>\n\n\n\n<div class=\"wp-block-columns is-layout-flex wp-container-core-columns-is-layout-9d6595d7 wp-block-columns-is-layout-flex\">\n<div class=\"wp-block-column is-layout-flow wp-block-column-is-layout-flow\">\n<figure class=\"wp-block-image size-full\"><img loading=\"lazy\" decoding=\"async\" width=\"922\" height=\"920\" src=\"https:\/\/kavli.fi\/wp-content\/uploads\/2025\/01\/Brie.jpg\" alt=\"\" class=\"wp-image-1187\" srcset=\"https:\/\/kavli.fi\/wp-content\/uploads\/2025\/01\/Brie.jpg 922w, https:\/\/kavli.fi\/wp-content\/uploads\/2025\/01\/Brie-300x300.jpg 300w, https:\/\/kavli.fi\/wp-content\/uploads\/2025\/01\/Brie-150x150.jpg 150w, https:\/\/kavli.fi\/wp-content\/uploads\/2025\/01\/Brie-768x766.jpg 768w\" sizes=\"auto, (max-width: 922px) 100vw, 922px\" \/><\/figure>\n\n\n\n<p><\/p>\n\n\n\n<h4 class=\"wp-block-heading has-text-align-center\">Kavli Brie sulatejuusto 175g<\/h4>\n\n\n\n<hr class=\"wp-block-separator has-text-color has-neve-button-color-color has-css-opacity has-neve-button-color-background-color has-background is-style-default\"\/>\n\n\n\n<p class=\"has-text-align-left\">K\u00e4tev\u00e4ss\u00e4 tuubissa on aitoa brie-juustoa Ranskasta. Herkullinen ja pehme\u00e4n t\u00e4ytel\u00e4inen maku antaa lukuisia vaihtoehtoja pikkunaposteltavan valmisteluun. Sopii ruoanlaittoon kuten keittoihin, kastikkeisiin ja laatikoihin.<\/p>\n\n\n\n<p><strong>Ainesosat<\/strong>: <strong>Brie-justo\u00a0Ranskasta<\/strong> (34%),\u00a0<strong>Edam-juusto<\/strong>\u00a0(33%), vesi, sulatesuolat (E339, E459), s\u00e4il\u00f6nt\u00e4aine (E202, E234).\u00a0<strong>Juusto on past\u00f6roitu. Voimakassuolainen.<\/strong><\/p>\n\n\n\n<p><strong>Ravintosis\u00e4lt\u00f6\/ 100g n.<\/strong><\/p>\n\n\n\n<p>Energiaa 950 kJ \/ 230 kcal<br>Rasvaa 19 g<br><em>josta tyydyttynytt\u00e4 13 g<\/em><br>Suolaa 2,9 g<br>Hiilihydraattia 0,3 g<br><em>josta sokereita 0,2 g<\/em><br>Proteiinia 14 g<\/p>\n<\/div>\n\n\n\n<div class=\"wp-block-column is-layout-flow wp-block-column-is-layout-flow\">\n<figure class=\"wp-block-image size-full\"><img loading=\"lazy\" decoding=\"async\" width=\"922\" height=\"920\" src=\"https:\/\/kavli.fi\/wp-content\/uploads\/2025\/01\/HotJalapeno.jpg\" alt=\"\" class=\"wp-image-1188\" srcset=\"https:\/\/kavli.fi\/wp-content\/uploads\/2025\/01\/HotJalapeno.jpg 922w, https:\/\/kavli.fi\/wp-content\/uploads\/2025\/01\/HotJalapeno-300x300.jpg 300w, https:\/\/kavli.fi\/wp-content\/uploads\/2025\/01\/HotJalapeno-150x150.jpg 150w, https:\/\/kavli.fi\/wp-content\/uploads\/2025\/01\/HotJalapeno-768x766.jpg 768w\" sizes=\"auto, (max-width: 922px) 100vw, 922px\" \/><\/figure>\n\n\n\n<p><\/p>\n\n\n\n<h4 class=\"wp-block-heading has-text-align-center\">Kavli Hot Jalapeno sulatejuusto 175g<\/h4>\n\n\n\n<hr class=\"wp-block-separator has-text-color has-neve-button-color-color has-css-opacity has-neve-button-color-background-color has-background is-style-default\"\/>\n\n\n\n<p class=\"has-text-align-left\">Vihre\u00e4ss\u00e4 Jalapenossa on herkullinen hedelm\u00e4liha ja maku muistuttaa maultaan hieman vihre\u00e4\u00e4 paprikaa. Juustossa on sopivasti tulisuutta ja potkua antamaan oman herkullisen maun niin nachopeltien, hampurilaisten, wrappien ja muiden naposteltavien kanssa.<\/p>\n\n\n\n<p><strong>Ainesosat<\/strong>: <strong>Juusto<\/strong>\u00a0(58 %), vesi, jalapeno (6 %), sulatesuolat (E339, E452), s\u00e4il\u00f6nt\u00e4aine (E202, E234).<strong>Juusto on past\u00f6roitu. Voimakassuolainen.<\/strong><\/p>\n\n\n\n<p><strong>Ravintosis\u00e4lt\u00f6\/ 100g n.<\/strong><\/p>\n\n\n\n<p>Energiaa 800 kJ \/ 190 kcal<br>Rasvaa 14 g<br><em>josta tyydyttynytt\u00e4 9 g<\/em><br>Suolaa 3,4 g<br>Hiilihydraattia 0,8 g<br><em>josta sokereita 0,3 g<\/em><br>Proteiinia 15 g<\/p>\n\n\n\n<p class=\"has-text-align-center\"><\/p>\n<\/div>\n<\/div>\n\n\n\n<div class=\"wp-block-columns is-layout-flex wp-container-core-columns-is-layout-9d6595d7 wp-block-columns-is-layout-flex\">\n<div class=\"wp-block-column is-layout-flow wp-block-column-is-layout-flow\">\n<figure class=\"wp-block-image size-full\"><img loading=\"lazy\" decoding=\"async\" width=\"922\" height=\"920\" src=\"https:\/\/kavli.fi\/wp-content\/uploads\/2025\/01\/Rapu.jpg\" alt=\"\" class=\"wp-image-1189\" srcset=\"https:\/\/kavli.fi\/wp-content\/uploads\/2025\/01\/Rapu.jpg 922w, https:\/\/kavli.fi\/wp-content\/uploads\/2025\/01\/Rapu-300x300.jpg 300w, https:\/\/kavli.fi\/wp-content\/uploads\/2025\/01\/Rapu-150x150.jpg 150w, https:\/\/kavli.fi\/wp-content\/uploads\/2025\/01\/Rapu-768x766.jpg 768w\" sizes=\"auto, (max-width: 922px) 100vw, 922px\" \/><\/figure>\n\n\n\n<p><\/p>\n\n\n\n<h4 class=\"wp-block-heading has-text-align-center\"><strong>Kavli Rapusulatejuusto 330g<\/strong><\/h4>\n\n\n\n<hr class=\"wp-block-separator has-text-color has-neve-button-color-color has-css-opacity has-neve-button-color-background-color has-background is-style-default\"\/>\n\n\n\n<p class=\"has-text-align-left\">Keit\u00e4mme ravunpyrst\u00f6t tilliliemess\u00e4 tavoittaaksemme saman makunautinnon, joka vie ajatukset rapujuhliin. Kuuluisan rapukeittoreseptimme avulla astut suoraan kokkien t\u00e4htikaartiin.<\/p>\n\n\n\n<p><strong>Ainesosat<\/strong>: <strong>Juusto<\/strong> (52 %), vesi, <strong>ravunpyrst\u00f6<\/strong> (10 %), sulatesuolat (E339, E452), <strong>voi<\/strong>, s\u00e4il\u00f6nt\u00e4aine (E202), aromi, tilli.<br><strong>Juusto on past\u00f6roitu. Voimakassuolainen.<\/strong><\/p>\n\n\n\n<p><strong>Ravintosis\u00e4lt\u00f6\/ 100g n.<\/strong><\/p>\n\n\n\n<p>Energiaa 850 kJ \/ 200 kcal<br>Rasvaa 16 g<br><em>josta tyydyttynytt\u00e4 10 g<\/em><br>Suolaa 3,1 g<br>Hiilihydraattia 0,2 g<br><em>josta sokereita 0,1 g<\/em><br>Proteiinia 16 g<\/p>\n\n\n\n<p><\/p>\n\n\n\n<p class=\"has-text-align-center\"><\/p>\n<\/div>\n\n\n\n<div class=\"wp-block-column is-layout-flow wp-block-column-is-layout-flow\">\n<figure class=\"wp-block-image size-full\"><img loading=\"lazy\" decoding=\"async\" width=\"922\" height=\"920\" src=\"https:\/\/kavli.fi\/wp-content\/uploads\/2025\/01\/Kanttarelli.jpg\" alt=\"\" class=\"wp-image-1190\" srcset=\"https:\/\/kavli.fi\/wp-content\/uploads\/2025\/01\/Kanttarelli.jpg 922w, https:\/\/kavli.fi\/wp-content\/uploads\/2025\/01\/Kanttarelli-300x300.jpg 300w, https:\/\/kavli.fi\/wp-content\/uploads\/2025\/01\/Kanttarelli-150x150.jpg 150w, https:\/\/kavli.fi\/wp-content\/uploads\/2025\/01\/Kanttarelli-768x766.jpg 768w\" sizes=\"auto, (max-width: 922px) 100vw, 922px\" \/><\/figure>\n\n\n\n<p><\/p>\n\n\n\n<h4 class=\"wp-block-heading has-text-align-center\"><strong>Kavli Kantarellisulatejuusto 330g<\/strong><\/h4>\n\n\n\n<hr class=\"wp-block-separator has-text-color has-neve-button-color-color has-css-opacity has-neve-button-color-background-color has-background is-style-default\"\/>\n\n\n\n<p class=\"has-text-align-left\">Maistuva kantarellisulatejuusto, vain 330g rasiassa. My\u00f6s l\u00e4mpimiin voileipiin tai pataruokiin.<\/p>\n\n\n\n<p><strong>Ainesosat<\/strong>: <strong>Juusto<\/strong> (55 %), vesi, kantarelli (5 %), sulatesuolat (E339, E452), <strong>voi<\/strong>, kantarelliaromi, (sis\u00e4lt\u00e4\u00e4 <strong>soijaproteiinia<\/strong>), s\u00e4il\u00f6nt\u00e4aine (E202), valkopippuriuute.<br><strong>Juusto on past\u00f6roitu. Voimakassuolainen.<\/strong><\/p>\n\n\n\n<p><strong>Ravintosis\u00e4lt\u00f6\/ 100g n.<\/strong><\/p>\n\n\n\n<p>Energiaa 900 kJ \/ 210 kcal<br>Rasvaa 17 g<br><em>josta tyydyttynytt\u00e4 11 g<\/em><br>Suolaa 3,1 g<br>Hiilihydraattia 0,6 g<br><em>josta sokereita 0,3 g<\/em><br>Proteiinia 14 g<\/p>\n\n\n\n<p class=\"has-text-align-center\"><\/p>\n<\/div>\n<\/div>\n\n\n\n<div class=\"wp-block-columns is-layout-flex wp-container-core-columns-is-layout-9d6595d7 wp-block-columns-is-layout-flex\">\n<div class=\"wp-block-column is-layout-flow wp-block-column-is-layout-flow\">\n<figure class=\"wp-block-image size-full\"><img loading=\"lazy\" decoding=\"async\" width=\"922\" height=\"920\" src=\"https:\/\/kavli.fi\/wp-content\/uploads\/2025\/01\/Katkarapu.jpg\" alt=\"\" class=\"wp-image-1192\" srcset=\"https:\/\/kavli.fi\/wp-content\/uploads\/2025\/01\/Katkarapu.jpg 922w, https:\/\/kavli.fi\/wp-content\/uploads\/2025\/01\/Katkarapu-300x300.jpg 300w, https:\/\/kavli.fi\/wp-content\/uploads\/2025\/01\/Katkarapu-150x150.jpg 150w, https:\/\/kavli.fi\/wp-content\/uploads\/2025\/01\/Katkarapu-768x766.jpg 768w\" sizes=\"auto, (max-width: 922px) 100vw, 922px\" \/><\/figure>\n\n\n\n<p><\/p>\n\n\n\n<h4 class=\"wp-block-heading has-text-align-center\"><strong>Kavli Katkarapusulatejuusto 330g ja 175g<\/strong><\/h4>\n\n\n\n<hr class=\"wp-block-separator has-text-color has-neve-button-color-color has-css-opacity has-neve-button-color-background-color has-background is-style-default\"\/>\n\n\n\n<p class=\"has-text-align-left\">Kavlin lippulaiva, maukas klassikko, myydyin sulatejuustomme. T\u00e4ydellinen aamiaisp\u00f6yd\u00e4ss\u00e4, itsest\u00e4\u00e4nselvyys piknikkorissa ja mahtava lis\u00e4 ruoanlaittoon.<\/p>\n\n\n\n<p><strong>Ainesosat<\/strong>: <strong>Juusto<\/strong> (54 %), vesi, <strong>j\u00e4\u00e4merenkatkarapu<\/strong> (10 %), sulatesuolat (E339, E452), voi, s\u00e4il\u00f6nt\u00e4aine (E202).<br><strong>Juusto on past\u00f6roitu. Voimakassuolainen.<\/strong><\/p>\n\n\n\n<p><strong>Ravintosis\u00e4lt\u00f6 100g n.<\/strong><\/p>\n\n\n\n<p>Energiaa 850 kJ \/ 210 kcal<br>Rasvaa 16 g<br><em>josta tyydyttynytt\u00e4 11 g<\/em><br>Suolaa 3,0 g<br>Hiilihydraattia 0,1 g<br><em>josta sokereita 0,1 g<\/em><br>Proteiinia 16 g<\/p>\n\n\n\n<p class=\"has-text-align-center\"><\/p>\n<\/div>\n\n\n\n<div class=\"wp-block-column is-layout-flow wp-block-column-is-layout-flow\">\n<figure class=\"wp-block-image size-full\"><img loading=\"lazy\" decoding=\"async\" width=\"922\" height=\"920\" src=\"https:\/\/kavli.fi\/wp-content\/uploads\/2025\/01\/Kinkku.jpg\" alt=\"\" class=\"wp-image-1191\" srcset=\"https:\/\/kavli.fi\/wp-content\/uploads\/2025\/01\/Kinkku.jpg 922w, https:\/\/kavli.fi\/wp-content\/uploads\/2025\/01\/Kinkku-300x300.jpg 300w, https:\/\/kavli.fi\/wp-content\/uploads\/2025\/01\/Kinkku-150x150.jpg 150w, https:\/\/kavli.fi\/wp-content\/uploads\/2025\/01\/Kinkku-768x766.jpg 768w\" sizes=\"auto, (max-width: 922px) 100vw, 922px\" \/><\/figure>\n\n\n\n<p><\/p>\n\n\n\n<h4 class=\"wp-block-heading has-text-align-center\"><strong>Kavli Kinkkusulatejuusto 330g ja 175g<\/strong><\/h4>\n\n\n\n<hr class=\"wp-block-separator has-text-color has-neve-button-color-color has-css-opacity has-neve-button-color-background-color has-background is-style-default\"\/>\n\n\n\n<p class=\"has-text-align-left\">Kinkkusulatejuustossamme maistuu kunnon l\u00e4mminsavukinkku pohjolasta. T\u00e4m\u00e4n juuston avulla teet supernopean kuuman sandwichin. Levit\u00e4 juustoa kahdelle vaalealle leip\u00e4viipaleelle, lis\u00e4\u00e4 v\u00e4liin tomaattia ja mausta maun mukaan. Grillaa leip\u00e4grilliss\u00e4 tai vohveliraudalla.<\/p>\n\n\n\n<p><strong>Ainesosat<\/strong>: <strong>Juusto<\/strong> (56%), vesi, ruotsalainen l\u00e4mminsavustettu kinkku 8% (kinkku, suola, ryp\u00e4lesokeri, hapettumisenestoaine (E301), s\u00e4il\u00f6nt\u00e4aine (E250)), sulatesuolat (E339, E452), s\u00e4il\u00f6nt\u00e4aine (E202).<br><strong>Juusto on past\u00f6roitu. Voimakassuolainen.<\/strong><\/p>\n\n\n\n<p><strong>Ravintosis\u00e4lt\u00f6 100g n.<\/strong><\/p>\n\n\n\n<p>Energiaa 900 kJ \/ 210 kcal<br>Rasvaa 16 g<br><em>josta tyydyttynytt\u00e4 10 g<\/em><br>Suolaa 3,1 g<br>Hiilihydraattia 0,2 g<br><em>josta sokereita 0,1 g<\/em><br>Proteiinia 16 g<\/p>\n\n\n\n<p><\/p>\n\n\n\n<p class=\"has-text-align-center\"><\/p>\n<\/div>\n<\/div>\n\n\n\n<div style=\"height:100px\" aria-hidden=\"true\" class=\"wp-block-spacer\"><\/div>\n","protected":false},"excerpt":{"rendered":"<p>Kavli Brie sulatejuusto 175g K\u00e4tev\u00e4ss\u00e4 tuubissa on aitoa brie-juustoa Ranskasta. Herkullinen ja pehme\u00e4n t\u00e4ytel\u00e4inen maku antaa lukuisia vaihtoehtoja pikkunaposteltavan valmisteluun. Sopii ruoanlaittoon kuten keittoihin, kastikkeisiin ja laatikoihin. Ainesosat: Brie-justo\u00a0Ranskasta (34%),\u00a0Edam-juusto\u00a0(33%), vesi, sulatesuolat (E339, E459), s\u00e4il\u00f6nt\u00e4aine (E202, E234).\u00a0Juusto on past\u00f6roitu. Voimakassuolainen. Ravintosis\u00e4lt\u00f6\/ 100g n. Energiaa 950 kJ \/ 230 kcalRasvaa 19 gjosta tyydyttynytt\u00e4 13 gSuolaa 2,9&hellip;&nbsp;<a href=\"https:\/\/kavli.fi\/index.php\/sulatejuustot\/\" rel=\"bookmark\">Read More &raquo;<span class=\"screen-reader-text\">Sulatejuustot<\/span><\/a><\/p>\n","protected":false},"author":1,"featured_media":0,"parent":0,"menu_order":0,"comment_status":"closed","ping_status":"closed","template":"","meta":{"neve_meta_sidebar":"","neve_meta_container":"","neve_meta_enable_content_width":"","neve_meta_content_width":0,"neve_meta_title_alignment":"","neve_meta_author_avatar":"","neve_post_elements_order":"","neve_meta_disable_header":"","neve_meta_disable_footer":"","neve_meta_disable_title":"","neve_meta_reading_time":"","iawp_total_views":104,"footnotes":""},"class_list":["post-1184","page","type-page","status-publish","hentry"],"yoast_head":"<!-- This site is optimized with the Yoast SEO plugin v27.5 - https:\/\/yoast.com\/product\/yoast-seo-wordpress\/ -->\n<title>Sulatejuustot - Kavli<\/title>\n<meta name=\"robots\" content=\"index, follow, max-snippet:-1, max-image-preview:large, max-video-preview:-1\" \/>\n<link rel=\"canonical\" href=\"https:\/\/kavli.fi\/index.php\/sulatejuustot\/\" \/>\n<meta property=\"og:locale\" content=\"fi_FI\" \/>\n<meta property=\"og:type\" content=\"article\" \/>\n<meta property=\"og:title\" content=\"Sulatejuustot - Kavli\" \/>\n<meta property=\"og:description\" content=\"Kavli Brie sulatejuusto 175g K\u00e4tev\u00e4ss\u00e4 tuubissa on aitoa brie-juustoa Ranskasta. Herkullinen ja pehme\u00e4n t\u00e4ytel\u00e4inen maku antaa lukuisia vaihtoehtoja pikkunaposteltavan valmisteluun. Sopii ruoanlaittoon kuten keittoihin, kastikkeisiin ja laatikoihin. Ainesosat: Brie-justo\u00a0Ranskasta (34%),\u00a0Edam-juusto\u00a0(33%), vesi, sulatesuolat (E339, E459), s\u00e4il\u00f6nt\u00e4aine (E202, E234).\u00a0Juusto on past\u00f6roitu. Voimakassuolainen. Ravintosis\u00e4lt\u00f6\/ 100g n. Energiaa 950 kJ \/ 230 kcalRasvaa 19 gjosta tyydyttynytt\u00e4 13 gSuolaa 2,9&hellip;&nbsp;Read More &raquo;Sulatejuustot\" \/>\n<meta property=\"og:url\" content=\"https:\/\/kavli.fi\/index.php\/sulatejuustot\/\" \/>\n<meta property=\"og:site_name\" content=\"Kavli\" \/>\n<meta property=\"article:publisher\" content=\"https:\/\/www.facebook.com\/kavlisuomi\" \/>\n<meta property=\"article:modified_time\" content=\"2025-05-07T14:12:12+00:00\" \/>\n<meta property=\"og:image\" content=\"https:\/\/kavli.fi\/wp-content\/uploads\/2025\/02\/Kavli_G_r_v_rlden_mjukare__KVI_17610.jpg\" \/>\n\t<meta property=\"og:image:width\" content=\"1476\" \/>\n\t<meta property=\"og:image:height\" content=\"1002\" \/>\n\t<meta property=\"og:image:type\" content=\"image\/jpeg\" \/>\n<meta name=\"twitter:card\" content=\"summary_large_image\" \/>\n<meta name=\"twitter:label1\" content=\"Arvioitu lukuaika\" \/>\n\t<meta name=\"twitter:data1\" content=\"2 minuuttia\" \/>\n<script type=\"application\/ld+json\" class=\"yoast-schema-graph\">{\"@context\":\"https:\\\/\\\/schema.org\",\"@graph\":[{\"@type\":\"WebPage\",\"@id\":\"https:\\\/\\\/kavli.fi\\\/index.php\\\/sulatejuustot\\\/\",\"url\":\"https:\\\/\\\/kavli.fi\\\/index.php\\\/sulatejuustot\\\/\",\"name\":\"Sulatejuustot - Kavli\",\"isPartOf\":{\"@id\":\"https:\\\/\\\/kavli.fi\\\/#website\"},\"primaryImageOfPage\":{\"@id\":\"https:\\\/\\\/kavli.fi\\\/index.php\\\/sulatejuustot\\\/#primaryimage\"},\"image\":{\"@id\":\"https:\\\/\\\/kavli.fi\\\/index.php\\\/sulatejuustot\\\/#primaryimage\"},\"thumbnailUrl\":\"https:\\\/\\\/kavli.fi\\\/wp-content\\\/uploads\\\/2025\\\/02\\\/Kavli_G_r_v_rlden_mjukare__KVI_17610.jpg\",\"datePublished\":\"2025-01-23T11:11:09+00:00\",\"dateModified\":\"2025-05-07T14:12:12+00:00\",\"breadcrumb\":{\"@id\":\"https:\\\/\\\/kavli.fi\\\/index.php\\\/sulatejuustot\\\/#breadcrumb\"},\"inLanguage\":\"fi\",\"potentialAction\":[{\"@type\":\"ReadAction\",\"target\":[\"https:\\\/\\\/kavli.fi\\\/index.php\\\/sulatejuustot\\\/\"]}]},{\"@type\":\"ImageObject\",\"inLanguage\":\"fi\",\"@id\":\"https:\\\/\\\/kavli.fi\\\/index.php\\\/sulatejuustot\\\/#primaryimage\",\"url\":\"https:\\\/\\\/kavli.fi\\\/wp-content\\\/uploads\\\/2025\\\/02\\\/Kavli_G_r_v_rlden_mjukare__KVI_17610.jpg\",\"contentUrl\":\"https:\\\/\\\/kavli.fi\\\/wp-content\\\/uploads\\\/2025\\\/02\\\/Kavli_G_r_v_rlden_mjukare__KVI_17610.jpg\",\"width\":1476,\"height\":1002},{\"@type\":\"BreadcrumbList\",\"@id\":\"https:\\\/\\\/kavli.fi\\\/index.php\\\/sulatejuustot\\\/#breadcrumb\",\"itemListElement\":[{\"@type\":\"ListItem\",\"position\":1,\"name\":\"Etusivu\",\"item\":\"https:\\\/\\\/kavli.fi\\\/\"},{\"@type\":\"ListItem\",\"position\":2,\"name\":\"Sulatejuustot\"}]},{\"@type\":\"WebSite\",\"@id\":\"https:\\\/\\\/kavli.fi\\\/#website\",\"url\":\"https:\\\/\\\/kavli.fi\\\/\",\"name\":\"Kavli\",\"description\":\"Elintarvikebr&auml;ndi, joka tunnetaan erityisesti herkullisista sulatejuustoista, hampurilaiskastikkeesta ja levitteist&auml;.\",\"publisher\":{\"@id\":\"https:\\\/\\\/kavli.fi\\\/#organization\"},\"potentialAction\":[{\"@type\":\"SearchAction\",\"target\":{\"@type\":\"EntryPoint\",\"urlTemplate\":\"https:\\\/\\\/kavli.fi\\\/?s={search_term_string}\"},\"query-input\":{\"@type\":\"PropertyValueSpecification\",\"valueRequired\":true,\"valueName\":\"search_term_string\"}}],\"inLanguage\":\"fi\"},{\"@type\":\"Organization\",\"@id\":\"https:\\\/\\\/kavli.fi\\\/#organization\",\"name\":\"Kavli\",\"url\":\"https:\\\/\\\/kavli.fi\\\/\",\"logo\":{\"@type\":\"ImageObject\",\"inLanguage\":\"fi\",\"@id\":\"https:\\\/\\\/kavli.fi\\\/#\\\/schema\\\/logo\\\/image\\\/\",\"url\":\"https:\\\/\\\/kavli.fi\\\/wp-content\\\/uploads\\\/2025\\\/02\\\/4104641b-4c9c-4202-80ef-562cf595d251-wm.png\",\"contentUrl\":\"https:\\\/\\\/kavli.fi\\\/wp-content\\\/uploads\\\/2025\\\/02\\\/4104641b-4c9c-4202-80ef-562cf595d251-wm.png\",\"width\":380,\"height\":277,\"caption\":\"Kavli\"},\"image\":{\"@id\":\"https:\\\/\\\/kavli.fi\\\/#\\\/schema\\\/logo\\\/image\\\/\"},\"sameAs\":[\"https:\\\/\\\/www.facebook.com\\\/kavlisuomi\"]}]}<\/script>\n<!-- \/ Yoast SEO plugin. -->","yoast_head_json":{"title":"Sulatejuustot - Kavli","robots":{"index":"index","follow":"follow","max-snippet":"max-snippet:-1","max-image-preview":"max-image-preview:large","max-video-preview":"max-video-preview:-1"},"canonical":"https:\/\/kavli.fi\/index.php\/sulatejuustot\/","og_locale":"fi_FI","og_type":"article","og_title":"Sulatejuustot - Kavli","og_description":"Kavli Brie sulatejuusto 175g K\u00e4tev\u00e4ss\u00e4 tuubissa on aitoa brie-juustoa Ranskasta. Herkullinen ja pehme\u00e4n t\u00e4ytel\u00e4inen maku antaa lukuisia vaihtoehtoja pikkunaposteltavan valmisteluun. Sopii ruoanlaittoon kuten keittoihin, kastikkeisiin ja laatikoihin. Ainesosat: Brie-justo\u00a0Ranskasta (34%),\u00a0Edam-juusto\u00a0(33%), vesi, sulatesuolat (E339, E459), s\u00e4il\u00f6nt\u00e4aine (E202, E234).\u00a0Juusto on past\u00f6roitu. Voimakassuolainen. Ravintosis\u00e4lt\u00f6\/ 100g n. Energiaa 950 kJ \/ 230 kcalRasvaa 19 gjosta tyydyttynytt\u00e4 13 gSuolaa 2,9&hellip;&nbsp;Read More &raquo;Sulatejuustot","og_url":"https:\/\/kavli.fi\/index.php\/sulatejuustot\/","og_site_name":"Kavli","article_publisher":"https:\/\/www.facebook.com\/kavlisuomi","article_modified_time":"2025-05-07T14:12:12+00:00","og_image":[{"width":1476,"height":1002,"url":"https:\/\/kavli.fi\/wp-content\/uploads\/2025\/02\/Kavli_G_r_v_rlden_mjukare__KVI_17610.jpg","type":"image\/jpeg"}],"twitter_card":"summary_large_image","twitter_misc":{"Arvioitu lukuaika":"2 minuuttia"},"schema":{"@context":"https:\/\/schema.org","@graph":[{"@type":"WebPage","@id":"https:\/\/kavli.fi\/index.php\/sulatejuustot\/","url":"https:\/\/kavli.fi\/index.php\/sulatejuustot\/","name":"Sulatejuustot - Kavli","isPartOf":{"@id":"https:\/\/kavli.fi\/#website"},"primaryImageOfPage":{"@id":"https:\/\/kavli.fi\/index.php\/sulatejuustot\/#primaryimage"},"image":{"@id":"https:\/\/kavli.fi\/index.php\/sulatejuustot\/#primaryimage"},"thumbnailUrl":"https:\/\/kavli.fi\/wp-content\/uploads\/2025\/02\/Kavli_G_r_v_rlden_mjukare__KVI_17610.jpg","datePublished":"2025-01-23T11:11:09+00:00","dateModified":"2025-05-07T14:12:12+00:00","breadcrumb":{"@id":"https:\/\/kavli.fi\/index.php\/sulatejuustot\/#breadcrumb"},"inLanguage":"fi","potentialAction":[{"@type":"ReadAction","target":["https:\/\/kavli.fi\/index.php\/sulatejuustot\/"]}]},{"@type":"ImageObject","inLanguage":"fi","@id":"https:\/\/kavli.fi\/index.php\/sulatejuustot\/#primaryimage","url":"https:\/\/kavli.fi\/wp-content\/uploads\/2025\/02\/Kavli_G_r_v_rlden_mjukare__KVI_17610.jpg","contentUrl":"https:\/\/kavli.fi\/wp-content\/uploads\/2025\/02\/Kavli_G_r_v_rlden_mjukare__KVI_17610.jpg","width":1476,"height":1002},{"@type":"BreadcrumbList","@id":"https:\/\/kavli.fi\/index.php\/sulatejuustot\/#breadcrumb","itemListElement":[{"@type":"ListItem","position":1,"name":"Etusivu","item":"https:\/\/kavli.fi\/"},{"@type":"ListItem","position":2,"name":"Sulatejuustot"}]},{"@type":"WebSite","@id":"https:\/\/kavli.fi\/#website","url":"https:\/\/kavli.fi\/","name":"Kavli","description":"Elintarvikebr&auml;ndi, joka tunnetaan erityisesti herkullisista sulatejuustoista, hampurilaiskastikkeesta ja levitteist&auml;.","publisher":{"@id":"https:\/\/kavli.fi\/#organization"},"potentialAction":[{"@type":"SearchAction","target":{"@type":"EntryPoint","urlTemplate":"https:\/\/kavli.fi\/?s={search_term_string}"},"query-input":{"@type":"PropertyValueSpecification","valueRequired":true,"valueName":"search_term_string"}}],"inLanguage":"fi"},{"@type":"Organization","@id":"https:\/\/kavli.fi\/#organization","name":"Kavli","url":"https:\/\/kavli.fi\/","logo":{"@type":"ImageObject","inLanguage":"fi","@id":"https:\/\/kavli.fi\/#\/schema\/logo\/image\/","url":"https:\/\/kavli.fi\/wp-content\/uploads\/2025\/02\/4104641b-4c9c-4202-80ef-562cf595d251-wm.png","contentUrl":"https:\/\/kavli.fi\/wp-content\/uploads\/2025\/02\/4104641b-4c9c-4202-80ef-562cf595d251-wm.png","width":380,"height":277,"caption":"Kavli"},"image":{"@id":"https:\/\/kavli.fi\/#\/schema\/logo\/image\/"},"sameAs":["https:\/\/www.facebook.com\/kavlisuomi"]}]}},"_links":{"self":[{"href":"https:\/\/kavli.fi\/index.php\/wp-json\/wp\/v2\/pages\/1184","targetHints":{"allow":["GET"]}}],"collection":[{"href":"https:\/\/kavli.fi\/index.php\/wp-json\/wp\/v2\/pages"}],"about":[{"href":"https:\/\/kavli.fi\/index.php\/wp-json\/wp\/v2\/types\/page"}],"author":[{"embeddable":true,"href":"https:\/\/kavli.fi\/index.php\/wp-json\/wp\/v2\/users\/1"}],"replies":[{"embeddable":true,"href":"https:\/\/kavli.fi\/index.php\/wp-json\/wp\/v2\/comments?post=1184"}],"version-history":[{"count":16,"href":"https:\/\/kavli.fi\/index.php\/wp-json\/wp\/v2\/pages\/1184\/revisions"}],"predecessor-version":[{"id":1751,"href":"https:\/\/kavli.fi\/index.php\/wp-json\/wp\/v2\/pages\/1184\/revisions\/1751"}],"wp:attachment":[{"href":"https:\/\/kavli.fi\/index.php\/wp-json\/wp\/v2\/media?parent=1184"}],"curies":[{"name":"wp","href":"https:\/\/api.w.org\/{rel}","templated":true}]}}