{"id":1014,"date":"2025-01-23T11:11:16","date_gmt":"2025-01-23T11:11:16","guid":{"rendered":"https:\/\/kavli.fi\/?page_id=1014"},"modified":"2025-01-23T13:57:28","modified_gmt":"2025-01-23T13:57:28","slug":"tietoa-meista","status":"publish","type":"page","link":"https:\/\/kavli.fi\/index.php\/tietoa-meista\/","title":{"rendered":"Tietoa meist\u00e4"},"content":{"rendered":"\n<div class=\"wp-block-cover alignfull is-light\" style=\"min-height:700px;aspect-ratio:unset;\"><span aria-hidden=\"true\" class=\"wp-block-cover__background has-background-dim-30 has-background-dim\" style=\"background-color:#979594\"><\/span><img loading=\"lazy\" decoding=\"async\" width=\"1802\" height=\"672\" class=\"wp-block-cover__image-background wp-image-1070\" alt=\"\" src=\"https:\/\/kavli.fi\/wp-content\/uploads\/2025\/01\/Kavli_Historia_kuva.jpg\" data-object-fit=\"cover\" srcset=\"https:\/\/kavli.fi\/wp-content\/uploads\/2025\/01\/Kavli_Historia_kuva.jpg 1802w, https:\/\/kavli.fi\/wp-content\/uploads\/2025\/01\/Kavli_Historia_kuva-300x112.jpg 300w, https:\/\/kavli.fi\/wp-content\/uploads\/2025\/01\/Kavli_Historia_kuva-1024x382.jpg 1024w, https:\/\/kavli.fi\/wp-content\/uploads\/2025\/01\/Kavli_Historia_kuva-768x286.jpg 768w, https:\/\/kavli.fi\/wp-content\/uploads\/2025\/01\/Kavli_Historia_kuva-1536x573.jpg 1536w\" sizes=\"auto, (max-width: 1802px) 100vw, 1802px\" \/><div class=\"wp-block-cover__inner-container is-layout-flow wp-block-cover-is-layout-flow\">\n<h1 class=\"wp-block-heading has-text-align-center has-white-color has-text-color\"><\/h1>\n\n\n\n<p class=\"has-text-align-center has-white-color has-text-color\" style=\"font-size:23px\"><\/p>\n\n\n\n<div style=\"height:40px\" aria-hidden=\"true\" class=\"wp-block-spacer\"><\/div>\n\n\n\n<div class=\"wp-block-group\"><div class=\"wp-block-group__inner-container is-layout-flow wp-block-group-is-layout-flow\">\n<div class=\"wp-block-buttons is-content-justification-center is-layout-flex wp-container-core-buttons-is-layout-16018d1d wp-block-buttons-is-layout-flex\"><\/div>\n<\/div><\/div>\n<\/div><\/div>\n\n\n\n<div style=\"height:100px\" aria-hidden=\"true\" class=\"wp-block-spacer\"><\/div>\n\n\n\n<p><strong>Tietoa Kavlista<\/strong><\/p>\n\n\n\n<p><strong>Liikeidea<\/strong><\/p>\n\n\n\n<p>Liikeideamme on parantaa ja helpottaa niin lasten kuin aikuistenkin p\u00e4iv\u00e4n jokaista ateriaa, niin kotona kuin kodin seinien ulkopuolellakin. Onnistuaksemme ty\u00f6ss\u00e4mme ja pit\u00e4\u00e4ksemme asiakkaamme sek\u00e4 kuluttajat tyytyv\u00e4isin\u00e4, on meill\u00e4 oltava motivoituneita ty\u00f6ntekij\u00f6it\u00e4. Kavlilla on kirkas ja selke\u00e4 arvopohja, jonka kaikki konsernimme yhti\u00f6iden palveluksessa olevat ty\u00f6ntekij\u00e4mme jakavat. Arvot ovat esill\u00e4 arjessa ja niidenpohjalta on helppo reagoida erilaisiin tilanteisiin.<\/p>\n\n\n\n<ul class=\"wp-block-list\">\n<li>Tavoitteet<\/li>\n\n\n\n<li>Pitk\u00e4j\u00e4nteisyys<\/li>\n\n\n\n<li>Kehitt\u00e4minen<\/li>\n\n\n\n<li>Yhteisty\u00f6<\/li>\n<\/ul>\n\n\n\n<p><strong>Alta l\u00f6yd\u00e4t Kavlia koskevia tietoja.<\/strong><\/p>\n\n\n\n<p><strong>Mist\u00e4 nimi Kavli on per\u00e4isin?<\/strong><br>Nimi Kavli polveutuu Kavlin perustaja Olav Kavlin nimest\u00e4.<\/p>\n\n\n\n<p><strong>Miss\u00e4 Kavlin tuotteet valmistetaan?<\/strong><br>O. Kavli AB on ruotsalainen elintarvikeyhti\u00f6 ja sen tehtaat sijaitsevat \u00c4lvsj\u00f6ss\u00e4, Tukholmassa ja Esl\u00f6viss\u00e4 Etel\u00e4-Ruotsissa, jossa valmistetaan sulatejuustoa, majoneesia, kastikkeita ja viinietikoita. Kavlilla on my\u00f6s tuotantoa Suomessa, jossa valmistetaan maidottomia soija-, riisi-, ja kaurapohjaisia Planti-tuotteita. Kavlin Suomen tehdas sijaitsee Turussa.<\/p>\n\n\n\n<p><strong>Kavlin omistaa s\u00e4\u00e4ti\u00f6<\/strong><br>Kavli on O. Kavli og Knut Kavli&#8217;s Almennyttige Fond -s\u00e4\u00e4ti\u00f6n omistama elintarvikekonserni. T\u00e4m\u00e4 s\u00e4\u00e4ti\u00f6 on yrityksen yksinomainen omistaja. Osa yrityksen voitosta ohjataan Kavli-s\u00e4\u00e4ti\u00f6n yleishy\u00f6dylliseen toimintaan. S\u00e4\u00e4ti\u00f6n tarkoituksena on jakaa humanitaarista apua sek\u00e4 tukea tutkimusta ja kulttuuria. S\u00e4\u00e4ti\u00f6 jakaa vuosittain varoja erilaisiin projekteihin n\u00e4ille sektoreille. Kavli-s\u00e4\u00e4ti\u00f6n hallitus p\u00e4\u00e4tt\u00e4\u00e4 varojen jakamisesta t\u00e4ysin itsen\u00e4isesti, konsernin muusta toiminnasta riippumatta. Lis\u00e4tietoja: <a href=\"http:\/\/www.kavlifondet.no\" target=\"_blank\" rel=\"noreferrer noopener\">www.kavlifondet.no<\/a><\/p>\n\n\n\n<p><strong>Voiko Kavlin tehtailla vierailla?<\/strong><br>Elintarviketeollisuudessa on korkeat hygienia- ja turvallisuusvaatimukset, mink\u00e4 vuoksi tehtaallemme ei yleens\u00e4 j\u00e4rjestet\u00e4 yritysvierailuja.<\/p>\n\n\n\n<p><strong>Historia<\/strong><\/p>\n\n\n\n<p><strong>Olav Kavli<\/strong><\/p>\n\n\n\n<p>Maanviljelij\u00e4n poika Olav Kavli perusti Kavlin vuonna 1893, kun h\u00e4n sai kaupank\u00e4yntilisenssins\u00e4 Bergeniss\u00e4. H\u00e4n oli muuttanut kaupunkiin muutamaa vuotta aiemmin k\u00f6yhist\u00e4 olosuhteista Bols\u00f8yn liepeilt\u00e4 Moldessa. Mukanaan h\u00e4nell\u00e4 oli 60 kruunua ja suuri unelma oman yrityksen perustamisesta.<\/p>\n\n\n\n<p>Olav Kavlin liiketaloudelliset taidot paljastuivat 1920-luvulle johtaneina vuosina. T\u00e4m\u00e4 maanviljelij\u00e4n poika osoitti teknisi\u00e4 kykyj\u00e4, kest\u00e4vyytt\u00e4 ja suurta uskoa siihen, mit\u00e4 h\u00e4n oli tekem\u00e4ss\u00e4. H\u00e4n oli tekemisiss\u00e4 usean meijerin kanssa ja vuonna 1914 h\u00e4n vuokrasi Sandnesin liepeill\u00e4 sijainneen Fjellbygdenes Meieri \u2013meijerin. Ensimm\u00e4isen maailmansodan p\u00e4\u00e4ttyess\u00e4 Olav Kavli osti Sogndal Meieri -meijerin, mink\u00e4 my\u00f6t\u00e4 h\u00e4n pystyi t\u00e4ysin paneutumaan eri juustolajien kehitt\u00e4misty\u00f6h\u00f6n.<\/p>\n\n\n\n<p><strong>Ensimm\u00e4inen levitejuusto<\/strong><\/p>\n\n\n\n<p>Monta vuotta yritetty\u00e4\u00e4n Olav Kavli onnistuu kehitt\u00e4m\u00e4\u00e4n hyvin s\u00e4ilyv\u00e4n levitejuuston vuonna 1924. Primula oli maailman ensimm\u00e4inen hyvin s\u00e4ilyv\u00e4 sulatejuusto ja siit\u00e4 tuli nopeasti Kavlin menestystuote. Juustoa myytiin useassa maassa jo ennen toista maailmansotaa.<\/p>\n\n\n\n<p>Olav Kavlin kansainv\u00e4linen menestys ei ollut sattumaa. Sen lis\u00e4ksi, ett\u00e4 t\u00e4ll\u00e4 Kavlin perustajalla oli eritt\u00e4in hyv\u00e4 kaupallinen vaisto, h\u00e4n halusi my\u00f6s matkustaa. Vuonna 1910 h\u00e4n l\u00e4hti Yhdysvaltoihin Rogalandin meijeriyhdistyksen ja maanviljelyosaston nimiss\u00e4 markkinoimaan norjalaisia juustoja. T\u00e4m\u00e4n matkan aikana Olav Kavli solmi Yhdysvaltoihin suhteita, joista oli my\u00f6hemmin hy\u00f6ty\u00e4 heid\u00e4n ostaessaan h\u00e4nen omia juustojaan.<\/p>\n\n\n\n<p><strong>S\u00e4\u00e4ti\u00f6<\/strong><\/p>\n\n\n\n<p>Olav Kavlin Knut-pojasta tuli yhti\u00f6n tasavertainen osakas samana vuonna kun Olav koki Primulan l\u00e4pimurron. Is\u00e4ns\u00e4 tapaan Knutilla oli sosiaalinen omatunto ja h\u00e4n s\u00e4\u00e4ti\u00f6i yrityksen osakekannan varmistaakseen, ett\u00e4 yrityksell\u00e4 on pitk\u00e4aikainen ja sosiaalisesti vastuullinen omistaja. Kavli-s\u00e4\u00e4ti\u00f6 perustettiin vuonna 1962. S\u00e4\u00e4ti\u00f6 omistaa 100 % Kavli-konsernin osakekannasta, ja k\u00e4ytt\u00e4\u00e4 konsernin tuottoja rahoittaakseen tutkimusty\u00f6t\u00e4, kulttuuria ja humanitaarista avustusty\u00f6t\u00e4.<\/p>\n\n\n\n<p><\/p>\n\n\n\n<p><\/p>\n\n\n\n<p><\/p>\n\n\n\n<div style=\"height:100px\" aria-hidden=\"true\" class=\"wp-block-spacer\"><\/div>\n","protected":false},"excerpt":{"rendered":"<p>Tietoa Kavlista Liikeidea Liikeideamme on parantaa ja helpottaa niin lasten kuin aikuistenkin p\u00e4iv\u00e4n jokaista ateriaa, niin kotona kuin kodin seinien ulkopuolellakin. Onnistuaksemme ty\u00f6ss\u00e4mme ja pit\u00e4\u00e4ksemme asiakkaamme sek\u00e4 kuluttajat tyytyv\u00e4isin\u00e4, on meill\u00e4 oltava motivoituneita ty\u00f6ntekij\u00f6it\u00e4. Kavlilla on kirkas ja selke\u00e4 arvopohja, jonka kaikki konsernimme yhti\u00f6iden palveluksessa olevat ty\u00f6ntekij\u00e4mme jakavat. Arvot ovat esill\u00e4 arjessa ja niidenpohjalta on&hellip;&nbsp;<a href=\"https:\/\/kavli.fi\/index.php\/tietoa-meista\/\" rel=\"bookmark\">Read More &raquo;<span class=\"screen-reader-text\">Tietoa meist\u00e4<\/span><\/a><\/p>\n","protected":false},"author":1,"featured_media":0,"parent":0,"menu_order":0,"comment_status":"closed","ping_status":"closed","template":"","meta":{"neve_meta_sidebar":"","neve_meta_container":"","neve_meta_enable_content_width":"","neve_meta_content_width":0,"neve_meta_title_alignment":"","neve_meta_author_avatar":"","neve_post_elements_order":"","neve_meta_disable_header":"","neve_meta_disable_footer":"","neve_meta_disable_title":"","neve_meta_reading_time":"","iawp_total_views":94,"footnotes":""},"class_list":["post-1014","page","type-page","status-publish","hentry"],"yoast_head":"<!-- This site is optimized with the Yoast SEO plugin v27.5 - https:\/\/yoast.com\/product\/yoast-seo-wordpress\/ -->\n<title>Tietoa meist\u00e4 - Kavli<\/title>\n<meta name=\"robots\" content=\"index, follow, max-snippet:-1, max-image-preview:large, max-video-preview:-1\" \/>\n<link rel=\"canonical\" href=\"https:\/\/kavli.fi\/index.php\/tietoa-meista\/\" \/>\n<meta property=\"og:locale\" content=\"fi_FI\" \/>\n<meta property=\"og:type\" content=\"article\" \/>\n<meta property=\"og:title\" content=\"Tietoa meist\u00e4 - Kavli\" \/>\n<meta property=\"og:description\" content=\"Tietoa Kavlista Liikeidea Liikeideamme on parantaa ja helpottaa niin lasten kuin aikuistenkin p\u00e4iv\u00e4n jokaista ateriaa, niin kotona kuin kodin seinien ulkopuolellakin. Onnistuaksemme ty\u00f6ss\u00e4mme ja pit\u00e4\u00e4ksemme asiakkaamme sek\u00e4 kuluttajat tyytyv\u00e4isin\u00e4, on meill\u00e4 oltava motivoituneita ty\u00f6ntekij\u00f6it\u00e4. Kavlilla on kirkas ja selke\u00e4 arvopohja, jonka kaikki konsernimme yhti\u00f6iden palveluksessa olevat ty\u00f6ntekij\u00e4mme jakavat. Arvot ovat esill\u00e4 arjessa ja niidenpohjalta on&hellip;&nbsp;Read More &raquo;Tietoa meist\u00e4\" \/>\n<meta property=\"og:url\" content=\"https:\/\/kavli.fi\/index.php\/tietoa-meista\/\" \/>\n<meta property=\"og:site_name\" content=\"Kavli\" \/>\n<meta property=\"article:publisher\" content=\"https:\/\/www.facebook.com\/kavlisuomi\" \/>\n<meta property=\"article:modified_time\" content=\"2025-01-23T13:57:28+00:00\" \/>\n<meta property=\"og:image\" content=\"https:\/\/kavli.fi\/wp-content\/uploads\/2025\/01\/Kavli_Historia_kuva.jpg\" \/>\n\t<meta property=\"og:image:width\" content=\"1802\" \/>\n\t<meta property=\"og:image:height\" content=\"672\" \/>\n\t<meta property=\"og:image:type\" content=\"image\/jpeg\" \/>\n<meta name=\"twitter:card\" content=\"summary_large_image\" \/>\n<meta name=\"twitter:label1\" content=\"Arvioitu lukuaika\" \/>\n\t<meta name=\"twitter:data1\" content=\"3 minuuttia\" \/>\n<script type=\"application\/ld+json\" class=\"yoast-schema-graph\">{\"@context\":\"https:\\\/\\\/schema.org\",\"@graph\":[{\"@type\":\"WebPage\",\"@id\":\"https:\\\/\\\/kavli.fi\\\/index.php\\\/tietoa-meista\\\/\",\"url\":\"https:\\\/\\\/kavli.fi\\\/index.php\\\/tietoa-meista\\\/\",\"name\":\"Tietoa meist\u00e4 - Kavli\",\"isPartOf\":{\"@id\":\"https:\\\/\\\/kavli.fi\\\/#website\"},\"primaryImageOfPage\":{\"@id\":\"https:\\\/\\\/kavli.fi\\\/index.php\\\/tietoa-meista\\\/#primaryimage\"},\"image\":{\"@id\":\"https:\\\/\\\/kavli.fi\\\/index.php\\\/tietoa-meista\\\/#primaryimage\"},\"thumbnailUrl\":\"https:\\\/\\\/kavli.fi\\\/wp-content\\\/uploads\\\/2025\\\/01\\\/Kavli_Historia_kuva.jpg\",\"datePublished\":\"2025-01-23T11:11:16+00:00\",\"dateModified\":\"2025-01-23T13:57:28+00:00\",\"breadcrumb\":{\"@id\":\"https:\\\/\\\/kavli.fi\\\/index.php\\\/tietoa-meista\\\/#breadcrumb\"},\"inLanguage\":\"fi\",\"potentialAction\":[{\"@type\":\"ReadAction\",\"target\":[\"https:\\\/\\\/kavli.fi\\\/index.php\\\/tietoa-meista\\\/\"]}]},{\"@type\":\"ImageObject\",\"inLanguage\":\"fi\",\"@id\":\"https:\\\/\\\/kavli.fi\\\/index.php\\\/tietoa-meista\\\/#primaryimage\",\"url\":\"https:\\\/\\\/kavli.fi\\\/wp-content\\\/uploads\\\/2025\\\/01\\\/Kavli_Historia_kuva.jpg\",\"contentUrl\":\"https:\\\/\\\/kavli.fi\\\/wp-content\\\/uploads\\\/2025\\\/01\\\/Kavli_Historia_kuva.jpg\",\"width\":1802,\"height\":672,\"caption\":\"Screenshot\"},{\"@type\":\"BreadcrumbList\",\"@id\":\"https:\\\/\\\/kavli.fi\\\/index.php\\\/tietoa-meista\\\/#breadcrumb\",\"itemListElement\":[{\"@type\":\"ListItem\",\"position\":1,\"name\":\"Etusivu\",\"item\":\"https:\\\/\\\/kavli.fi\\\/\"},{\"@type\":\"ListItem\",\"position\":2,\"name\":\"Tietoa meist\u00e4\"}]},{\"@type\":\"WebSite\",\"@id\":\"https:\\\/\\\/kavli.fi\\\/#website\",\"url\":\"https:\\\/\\\/kavli.fi\\\/\",\"name\":\"Kavli\",\"description\":\"Elintarvikebr&auml;ndi, joka tunnetaan erityisesti herkullisista sulatejuustoista, hampurilaiskastikkeesta ja levitteist&auml;.\",\"publisher\":{\"@id\":\"https:\\\/\\\/kavli.fi\\\/#organization\"},\"potentialAction\":[{\"@type\":\"SearchAction\",\"target\":{\"@type\":\"EntryPoint\",\"urlTemplate\":\"https:\\\/\\\/kavli.fi\\\/?s={search_term_string}\"},\"query-input\":{\"@type\":\"PropertyValueSpecification\",\"valueRequired\":true,\"valueName\":\"search_term_string\"}}],\"inLanguage\":\"fi\"},{\"@type\":\"Organization\",\"@id\":\"https:\\\/\\\/kavli.fi\\\/#organization\",\"name\":\"Kavli\",\"url\":\"https:\\\/\\\/kavli.fi\\\/\",\"logo\":{\"@type\":\"ImageObject\",\"inLanguage\":\"fi\",\"@id\":\"https:\\\/\\\/kavli.fi\\\/#\\\/schema\\\/logo\\\/image\\\/\",\"url\":\"https:\\\/\\\/kavli.fi\\\/wp-content\\\/uploads\\\/2025\\\/02\\\/4104641b-4c9c-4202-80ef-562cf595d251-wm.png\",\"contentUrl\":\"https:\\\/\\\/kavli.fi\\\/wp-content\\\/uploads\\\/2025\\\/02\\\/4104641b-4c9c-4202-80ef-562cf595d251-wm.png\",\"width\":380,\"height\":277,\"caption\":\"Kavli\"},\"image\":{\"@id\":\"https:\\\/\\\/kavli.fi\\\/#\\\/schema\\\/logo\\\/image\\\/\"},\"sameAs\":[\"https:\\\/\\\/www.facebook.com\\\/kavlisuomi\"]}]}<\/script>\n<!-- \/ Yoast SEO plugin. -->","yoast_head_json":{"title":"Tietoa meist\u00e4 - Kavli","robots":{"index":"index","follow":"follow","max-snippet":"max-snippet:-1","max-image-preview":"max-image-preview:large","max-video-preview":"max-video-preview:-1"},"canonical":"https:\/\/kavli.fi\/index.php\/tietoa-meista\/","og_locale":"fi_FI","og_type":"article","og_title":"Tietoa meist\u00e4 - Kavli","og_description":"Tietoa Kavlista Liikeidea Liikeideamme on parantaa ja helpottaa niin lasten kuin aikuistenkin p\u00e4iv\u00e4n jokaista ateriaa, niin kotona kuin kodin seinien ulkopuolellakin. Onnistuaksemme ty\u00f6ss\u00e4mme ja pit\u00e4\u00e4ksemme asiakkaamme sek\u00e4 kuluttajat tyytyv\u00e4isin\u00e4, on meill\u00e4 oltava motivoituneita ty\u00f6ntekij\u00f6it\u00e4. Kavlilla on kirkas ja selke\u00e4 arvopohja, jonka kaikki konsernimme yhti\u00f6iden palveluksessa olevat ty\u00f6ntekij\u00e4mme jakavat. Arvot ovat esill\u00e4 arjessa ja niidenpohjalta on&hellip;&nbsp;Read More &raquo;Tietoa meist\u00e4","og_url":"https:\/\/kavli.fi\/index.php\/tietoa-meista\/","og_site_name":"Kavli","article_publisher":"https:\/\/www.facebook.com\/kavlisuomi","article_modified_time":"2025-01-23T13:57:28+00:00","og_image":[{"width":1802,"height":672,"url":"https:\/\/kavli.fi\/wp-content\/uploads\/2025\/01\/Kavli_Historia_kuva.jpg","type":"image\/jpeg"}],"twitter_card":"summary_large_image","twitter_misc":{"Arvioitu lukuaika":"3 minuuttia"},"schema":{"@context":"https:\/\/schema.org","@graph":[{"@type":"WebPage","@id":"https:\/\/kavli.fi\/index.php\/tietoa-meista\/","url":"https:\/\/kavli.fi\/index.php\/tietoa-meista\/","name":"Tietoa meist\u00e4 - Kavli","isPartOf":{"@id":"https:\/\/kavli.fi\/#website"},"primaryImageOfPage":{"@id":"https:\/\/kavli.fi\/index.php\/tietoa-meista\/#primaryimage"},"image":{"@id":"https:\/\/kavli.fi\/index.php\/tietoa-meista\/#primaryimage"},"thumbnailUrl":"https:\/\/kavli.fi\/wp-content\/uploads\/2025\/01\/Kavli_Historia_kuva.jpg","datePublished":"2025-01-23T11:11:16+00:00","dateModified":"2025-01-23T13:57:28+00:00","breadcrumb":{"@id":"https:\/\/kavli.fi\/index.php\/tietoa-meista\/#breadcrumb"},"inLanguage":"fi","potentialAction":[{"@type":"ReadAction","target":["https:\/\/kavli.fi\/index.php\/tietoa-meista\/"]}]},{"@type":"ImageObject","inLanguage":"fi","@id":"https:\/\/kavli.fi\/index.php\/tietoa-meista\/#primaryimage","url":"https:\/\/kavli.fi\/wp-content\/uploads\/2025\/01\/Kavli_Historia_kuva.jpg","contentUrl":"https:\/\/kavli.fi\/wp-content\/uploads\/2025\/01\/Kavli_Historia_kuva.jpg","width":1802,"height":672,"caption":"Screenshot"},{"@type":"BreadcrumbList","@id":"https:\/\/kavli.fi\/index.php\/tietoa-meista\/#breadcrumb","itemListElement":[{"@type":"ListItem","position":1,"name":"Etusivu","item":"https:\/\/kavli.fi\/"},{"@type":"ListItem","position":2,"name":"Tietoa meist\u00e4"}]},{"@type":"WebSite","@id":"https:\/\/kavli.fi\/#website","url":"https:\/\/kavli.fi\/","name":"Kavli","description":"Elintarvikebr&auml;ndi, joka tunnetaan erityisesti herkullisista sulatejuustoista, hampurilaiskastikkeesta ja levitteist&auml;.","publisher":{"@id":"https:\/\/kavli.fi\/#organization"},"potentialAction":[{"@type":"SearchAction","target":{"@type":"EntryPoint","urlTemplate":"https:\/\/kavli.fi\/?s={search_term_string}"},"query-input":{"@type":"PropertyValueSpecification","valueRequired":true,"valueName":"search_term_string"}}],"inLanguage":"fi"},{"@type":"Organization","@id":"https:\/\/kavli.fi\/#organization","name":"Kavli","url":"https:\/\/kavli.fi\/","logo":{"@type":"ImageObject","inLanguage":"fi","@id":"https:\/\/kavli.fi\/#\/schema\/logo\/image\/","url":"https:\/\/kavli.fi\/wp-content\/uploads\/2025\/02\/4104641b-4c9c-4202-80ef-562cf595d251-wm.png","contentUrl":"https:\/\/kavli.fi\/wp-content\/uploads\/2025\/02\/4104641b-4c9c-4202-80ef-562cf595d251-wm.png","width":380,"height":277,"caption":"Kavli"},"image":{"@id":"https:\/\/kavli.fi\/#\/schema\/logo\/image\/"},"sameAs":["https:\/\/www.facebook.com\/kavlisuomi"]}]}},"_links":{"self":[{"href":"https:\/\/kavli.fi\/index.php\/wp-json\/wp\/v2\/pages\/1014","targetHints":{"allow":["GET"]}}],"collection":[{"href":"https:\/\/kavli.fi\/index.php\/wp-json\/wp\/v2\/pages"}],"about":[{"href":"https:\/\/kavli.fi\/index.php\/wp-json\/wp\/v2\/types\/page"}],"author":[{"embeddable":true,"href":"https:\/\/kavli.fi\/index.php\/wp-json\/wp\/v2\/users\/1"}],"replies":[{"embeddable":true,"href":"https:\/\/kavli.fi\/index.php\/wp-json\/wp\/v2\/comments?post=1014"}],"version-history":[{"count":8,"href":"https:\/\/kavli.fi\/index.php\/wp-json\/wp\/v2\/pages\/1014\/revisions"}],"predecessor-version":[{"id":1374,"href":"https:\/\/kavli.fi\/index.php\/wp-json\/wp\/v2\/pages\/1014\/revisions\/1374"}],"wp:attachment":[{"href":"https:\/\/kavli.fi\/index.php\/wp-json\/wp\/v2\/media?parent=1014"}],"curies":[{"name":"wp","href":"https:\/\/api.w.org\/{rel}","templated":true}]}}